{"id":920,"date":"2017-04-15T14:57:16","date_gmt":"2017-04-15T12:57:16","guid":{"rendered":"https:\/\/reinhard.grobosch.net\/wordpress\/?page_id=920"},"modified":"2022-05-12T16:29:26","modified_gmt":"2022-05-12T14:29:26","slug":"tischtennis","status":"publish","type":"page","link":"https:\/\/barbaraheim-bottrop.de\/?page_id=920","title":{"rendered":"Tischtennis"},"content":{"rendered":"<div style=\"text-align: left;\"><\/div>\n<div style=\"text-align: left;\"><span style=\"color: #000000;\">\u00a0\u00a0\u00a0\u00a0\u00a0\u00a0\u00a0\u00a0\u00a0\u00a0\u00a0\u00a0\u00a0\u00a0\u00a0\u00a0\u00a0\u00a0\u00a0\u00a0\u00a0\u00a0\u00a0\u00a0<span style=\"font-size: 20pt;\"> <strong>Die Tisch Tennis Freunde von St. Barbara<\/strong><\/span><\/span><\/div>\n<div style=\"text-align: left;\"><\/div>\n<div style=\"text-align: left;\"><\/div>\n<div style=\"text-align: left;\">.<\/div>\n<div>\u00a0<a href=\"https:\/\/barbaraheim-bottrop.de\/wp-content\/uploads\/2017\/02\/Tischtennis-Team-1.jpg\"><img loading=\"lazy\" decoding=\"async\" class=\"alignleft size-full wp-image-179\" src=\"https:\/\/barbaraheim-bottrop.de\/wp-content\/uploads\/2017\/02\/Tischtennis-Team-1.jpg\" alt=\"\" width=\"1193\" height=\"748\" srcset=\"https:\/\/barbaraheim-bottrop.de\/wp-content\/uploads\/2017\/02\/Tischtennis-Team-1.jpg 1193w, https:\/\/barbaraheim-bottrop.de\/wp-content\/uploads\/2017\/02\/Tischtennis-Team-1-300x188.jpg 300w, https:\/\/barbaraheim-bottrop.de\/wp-content\/uploads\/2017\/02\/Tischtennis-Team-1-768x482.jpg 768w, https:\/\/barbaraheim-bottrop.de\/wp-content\/uploads\/2017\/02\/Tischtennis-Team-1-1024x642.jpg 1024w\" sizes=\"auto, (max-width: 1193px) 100vw, 1193px\" \/><\/a><\/div>\n<p>&nbsp;<\/p>\n<p><span style=\"color: #000000;\">Jeden Mittwoch ab 17:00 h trainieren u. spielen die Tisch Tennis Freunde von St. Barbara kurz \u201eTTB 89\u201c<\/span><br \/>\n<span style=\"color: #000000;\"> In der zweiten Woche im Januar tragen die Tisch-Tennisspieler ihre Vereinsmeisterschaft im BBH aus und k\u00e4mpfen um die Meisterschaft und den jeweiligen Pokal.<\/span><br \/>\n<span style=\"color: #000000;\"> Das verbissen gek\u00e4mpft wird, liegt in der Natur der Barbara Tisch Tennis Freunde. Das Turnier geht \u00fcber den ganzen Tag. Die Stimmung ist\u00a0 angespannt bis fr\u00f6hlich. Die Versorgung um das Leibliche wohl l\u00e4sst keine W\u00fcnsche offen.<\/span><br \/>\n<span style=\"color: #000000;\"> Am Ende sind alle geschafft, m\u00fcde aber irgendwie doch happy.<\/span><br \/>\n<span style=\"color: #000000;\"> Auch hier leistet unser Barbaraheim f\u00fcr ca. 40 Personen regelm\u00e4\u00dfig einen Beitrag nicht nur zur k\u00f6rperlichen Ert\u00fcchtigung, sondern immer wieder ein freundschaftliches, ausgelassenes Treffen, dem man freudig jeden Mittwoch entgegen sehnt.<\/span><br \/>\n<span style=\"color: #000000;\"> Diesen Geist pr\u00e4sentieren sie auch bei den Bottroper Stadtmeisterschaften. Keiner wundert sich mehr, dass hier die ersten, zweiten und dritten Pl\u00e4tze in der Siegerehrung, an unsere \u201eMannen\u201c geht.<\/span><\/p>\n<p><span style=\"color: #000000;\">Interessierte sind gerne zum Mitmachen eingeladen. Schnuppern lohnt sich auf alle F\u00e4lle. Besuchen Sie uns an den Trainingstagen und wenn es Ihnen gef\u00e4llt verst\u00e4rken Sie unser Team.<\/span><\/p>\n<p><span style=\"color: #000000;\">Weitere Informationen \u00fcber Tisch Tennis Freunde von St. Barbara erteilt Ihnen gerne Herr Peter Gajda \u00a0 \u00a0 \u00a0 \u00a0 \u00a0 \u00a0 \u00a0 \u00a0 <\/span><span style=\"color: #000000;\"><img loading=\"lazy\" decoding=\"async\" class=\"alignnone\" src=\"https:\/\/barbaraheim-bottrop.de\/wp-content\/uploads\/2022\/05\/Foto-P.G.jpg\" alt=\"\" width=\"99\" height=\"119\" \/><\/span><\/p>\n<p><span style=\"color: #000000;\">unter der Telefonnummer\u00a0<strong>01725210265<\/strong> <\/span><\/p>\n<p>oder Emailadresse:\u00a0\u00a0 <span style=\"color: #000000;\"><strong>anfrage_1@barbaraheim-bottrop.de<\/strong><\/span><\/p>\n<p>&nbsp;<\/p>\n","protected":false},"excerpt":{"rendered":"<p>\u00a0\u00a0\u00a0\u00a0\u00a0\u00a0\u00a0\u00a0\u00a0\u00a0\u00a0\u00a0\u00a0\u00a0\u00a0\u00a0\u00a0\u00a0\u00a0\u00a0\u00a0\u00a0\u00a0\u00a0 Die Tisch Tennis Freunde von St. Barbara . \u00a0 &nbsp; Jeden Mittwoch ab 17:00 h trainieren u. spielen die<\/p>\n","protected":false},"author":1,"featured_media":0,"parent":111,"menu_order":3,"comment_status":"closed","ping_status":"closed","template":"","meta":{"colormag_page_container_layout":"default_layout","colormag_page_sidebar_layout":"default_layout","footnotes":""},"class_list":["post-920","page","type-page","status-publish","hentry"],"_links":{"self":[{"href":"https:\/\/barbaraheim-bottrop.de\/index.php?rest_route=\/wp\/v2\/pages\/920","targetHints":{"allow":["GET"]}}],"collection":[{"href":"https:\/\/barbaraheim-bottrop.de\/index.php?rest_route=\/wp\/v2\/pages"}],"about":[{"href":"https:\/\/barbaraheim-bottrop.de\/index.php?rest_route=\/wp\/v2\/types\/page"}],"author":[{"embeddable":true,"href":"https:\/\/barbaraheim-bottrop.de\/index.php?rest_route=\/wp\/v2\/users\/1"}],"replies":[{"embeddable":true,"href":"https:\/\/barbaraheim-bottrop.de\/index.php?rest_route=%2Fwp%2Fv2%2Fcomments&post=920"}],"version-history":[{"count":19,"href":"https:\/\/barbaraheim-bottrop.de\/index.php?rest_route=\/wp\/v2\/pages\/920\/revisions"}],"predecessor-version":[{"id":2302,"href":"https:\/\/barbaraheim-bottrop.de\/index.php?rest_route=\/wp\/v2\/pages\/920\/revisions\/2302"}],"up":[{"embeddable":true,"href":"https:\/\/barbaraheim-bottrop.de\/index.php?rest_route=\/wp\/v2\/pages\/111"}],"wp:attachment":[{"href":"https:\/\/barbaraheim-bottrop.de\/index.php?rest_route=%2Fwp%2Fv2%2Fmedia&parent=920"}],"curies":[{"name":"wp","href":"https:\/\/api.w.org\/{rel}","templated":true}]}}