{"id":1451,"date":"2017-10-25T14:36:25","date_gmt":"2017-10-25T12:36:25","guid":{"rendered":"http:\/\/wordpress.barbaraheim-bottrop.de\/?page_id=1451"},"modified":"2024-08-02T10:36:01","modified_gmt":"2024-08-02T08:36:01","slug":"startseite","status":"publish","type":"page","link":"https:\/\/barbaraheim-bottrop.de\/","title":{"rendered":"Startseite"},"content":{"rendered":"<h1 style=\"text-align: center;\"><span style=\"color: #0000ff;\">Sehr geehrte Besucher<\/span><\/h1>\n<h5 style=\"text-align: center;\"><span style=\"color: #0000ff; font-size: 12pt;\">Wir begr\u00fc\u00dfen Sie auf der Home Page unseres Vereins<\/span><\/h5>\n<h3 style=\"text-align: center;\"><strong><span style=\"color: #0000ff;\">&#8222;Barbaraheim Bottrop-Lehmkuhle e. V.&#8220;<\/span><\/strong><\/h3>\n<p style=\"text-align: center;\"><span style=\"font-size: 16pt;\"><strong><span style=\"color: #0000ff;\">und w\u00fcrden uns freuen, wenn Sie die Informationen auf dieser Home Page eingehend studieren<\/span><\/strong><\/span><\/p>\n<p><a href=\"https:\/\/barbaraheim-bottrop.de\/wp-content\/uploads\/2017\/12\/Hl.-Barbara-uas-Kirche.jpg\"><img loading=\"lazy\" decoding=\"async\" class=\"aligncenter wp-image-1584\" src=\"https:\/\/barbaraheim-bottrop.de\/wp-content\/uploads\/2017\/12\/Hl.-Barbara-uas-Kirche-140x300.jpg\" alt=\"\" width=\"208\" height=\"446\" srcset=\"https:\/\/barbaraheim-bottrop.de\/wp-content\/uploads\/2017\/12\/Hl.-Barbara-uas-Kirche-140x300.jpg 140w, https:\/\/barbaraheim-bottrop.de\/wp-content\/uploads\/2017\/12\/Hl.-Barbara-uas-Kirche.jpg 349w\" sizes=\"auto, (max-width: 208px) 100vw, 208px\" \/><\/a><\/p>\n<p><span style=\"color: #0000ff;\"><strong>Dieser<\/strong> <strong><a href=\"https:\/\/barbaraheim-bottrop.de\/?page_id=1062\" target=\"_blank\" rel=\"noopener noreferrer\"><span style=\"background-color: #ffff00; color: #ff0000;\"><span style=\"text-decoration: underline;\">Link<\/span><\/span><\/a> f\u00fchrt Sie zu den besonderen Ank\u00fcndigungen, bitte unbedingt lesen.<\/strong><\/span><\/p>\n<p><span style=\"color: #000000;\"><span style=\"text-decoration: underline;\"><strong>\u00a0<\/strong><\/span><\/span><\/p>\n<p>&nbsp;<\/p>\n","protected":false},"excerpt":{"rendered":"<p>Sehr geehrte Besucher Wir begr\u00fc\u00dfen Sie auf der Home Page unseres Vereins &#8222;Barbaraheim Bottrop-Lehmkuhle e. V.&#8220; und w\u00fcrden uns freuen,<\/p>\n","protected":false},"author":1,"featured_media":0,"parent":0,"menu_order":0,"comment_status":"closed","ping_status":"closed","template":"","meta":{"colormag_page_container_layout":"no_sidebar_full_width","colormag_page_sidebar_layout":"right_sidebar","footnotes":""},"class_list":["post-1451","page","type-page","status-publish","hentry"],"_links":{"self":[{"href":"https:\/\/barbaraheim-bottrop.de\/index.php?rest_route=\/wp\/v2\/pages\/1451","targetHints":{"allow":["GET"]}}],"collection":[{"href":"https:\/\/barbaraheim-bottrop.de\/index.php?rest_route=\/wp\/v2\/pages"}],"about":[{"href":"https:\/\/barbaraheim-bottrop.de\/index.php?rest_route=\/wp\/v2\/types\/page"}],"author":[{"embeddable":true,"href":"https:\/\/barbaraheim-bottrop.de\/index.php?rest_route=\/wp\/v2\/users\/1"}],"replies":[{"embeddable":true,"href":"https:\/\/barbaraheim-bottrop.de\/index.php?rest_route=%2Fwp%2Fv2%2Fcomments&post=1451"}],"version-history":[{"count":31,"href":"https:\/\/barbaraheim-bottrop.de\/index.php?rest_route=\/wp\/v2\/pages\/1451\/revisions"}],"predecessor-version":[{"id":2622,"href":"https:\/\/barbaraheim-bottrop.de\/index.php?rest_route=\/wp\/v2\/pages\/1451\/revisions\/2622"}],"wp:attachment":[{"href":"https:\/\/barbaraheim-bottrop.de\/index.php?rest_route=%2Fwp%2Fv2%2Fmedia&parent=1451"}],"curies":[{"name":"wp","href":"https:\/\/api.w.org\/{rel}","templated":true}]}}