{"id":118,"date":"2017-02-09T14:54:22","date_gmt":"2017-02-09T13:54:22","guid":{"rendered":"http:\/\/reinhard.grobosch.net\/wordpress\/?page_id=118"},"modified":"2017-12-30T15:56:46","modified_gmt":"2017-12-30T14:56:46","slug":"hier-sind-wir-zu-finden","status":"publish","type":"page","link":"https:\/\/barbaraheim-bottrop.de\/?page_id=118","title":{"rendered":"Adressen, Telefonnummern und Email-Adressen"},"content":{"rendered":"<p style=\"text-align: center;\"><strong><span style=\"font-size: 24pt; color: #000000;\">Kontakte<\/span><\/strong><\/p>\n<p style=\"text-align: center;\"><span style=\"color: #000000;\">zum Verein<\/span><\/p>\n<p style=\"text-align: center;\"><span style=\"color: #000000;\"><strong><span style=\"font-size: 24pt;\">&#8222;Barbaraheim Bottrop-Lehmkuhle e.V.&#8220;<\/span> <\/strong><\/span><\/p>\n<p>&nbsp;<\/p>\n<p><span style=\"color: #0000ff;\"><strong><span style=\"font-size: 14pt;\"><em>Post-Anschrift: \u00a0\u00a0 \u00a0\u00a0\u00a0\u00a0\u00a0\u00a0\u00a0\u00a0\u00a0\u00a0\u00a0\u00a0\u00a0\u00a0\u00a0\u00a0\u00a0\u00a0\u00a0\u00a0\u00a0\u00a0\u00a0\u00a0\u00a0\u00a0\u00a0\u00a0\u00a0\u00a0\u00a0\u00a0\u00a0\u00a0\u00a0\u00a0\u00a0\u00a0\u00a0\u00a0\u00a0\u00a0\u00a0\u00a0\u00a0\u00a0\u00a0\u00a0\u00a0\u00a0\u00a0\u00a0\u00a0\u00a0\u00a0\u00a0\u00a0\u00a0\u00a0\u00a0\u00a0\u00a0\u00a0 Adresse:<\/em> <\/span><\/strong><\/span><\/p>\n<p><span style=\"color: #000000;\">Barbaraheim Bottrop-Lehmkuhle e.V.\u00a0\u00a0\u00a0\u00a0\u00a0\u00a0\u00a0\u00a0\u00a0\u00a0\u00a0\u00a0\u00a0\u00a0\u00a0\u00a0\u00a0\u00a0\u00a0\u00a0\u00a0\u00a0\u00a0\u00a0\u00a0\u00a0\u00a0\u00a0\u00a0\u00a0\u00a0\u00a0\u00a0\u00a0\u00a0\u00a0\u00a0\u00a0\u00a0\u00a0\u00a0\u00a0\u00a0\u00a0\u00a0\u00a0\u00a0\u00a0\u00a0\u00a0 Barbaraheim Bottrop-Lehmkuhle e.V.<br \/>\n<\/span><\/p>\n<p><span style=\"color: #000000;\">Vors. Elisabeth Herholz\u00a0\u00a0\u00a0\u00a0\u00a0\u00a0\u00a0\u00a0\u00a0\u00a0\u00a0\u00a0\u00a0\u00a0\u00a0\u00a0\u00a0\u00a0\u00a0\u00a0\u00a0\u00a0\u00a0\u00a0\u00a0\u00a0\u00a0\u00a0\u00a0\u00a0\u00a0\u00a0\u00a0\u00a0\u00a0\u00a0\u00a0\u00a0\u00a0\u00a0\u00a0\u00a0\u00a0\u00a0\u00a0\u00a0\u00a0\u00a0\u00a0\u00a0\u00a0\u00a0\u00a0\u00a0\u00a0\u00a0\u00a0\u00a0\u00a0\u00a0\u00a0\u00a0\u00a0\u00a0\u00a0\u00a0\u00a0\u00a0\u00a0\u00a0\u00a0\u00a0\u00a0\u00a0\u00a0\u00a0 Unterberg 12-14<br \/>\n<\/span><\/p>\n<p><span style=\"color: #000000;\">Tel. : 02041\/ 689960\u00a0\u00a0\u00a0\u00a0\u00a0\u00a0\u00a0\u00a0\u00a0\u00a0\u00a0\u00a0\u00a0\u00a0\u00a0\u00a0\u00a0\u00a0\u00a0\u00a0\u00a0\u00a0\u00a0\u00a0\u00a0\u00a0\u00a0\u00a0\u00a0\u00a0\u00a0\u00a0\u00a0\u00a0\u00a0\u00a0\u00a0\u00a0\u00a0\u00a0\u00a0\u00a0\u00a0\u00a0\u00a0\u00a0\u00a0\u00a0\u00a0\u00a0\u00a0\u00a0\u00a0\u00a0\u00a0\u00a0\u00a0\u00a0\u00a0\u00a0\u00a0\u00a0\u00a0\u00a0\u00a0\u00a0\u00a0\u00a0\u00a0\u00a0\u00a0\u00a0\u00a0\u00a0\u00a0\u00a0\u00a0\u00a0\u00a0\u00a0\u00a0 46242 Bottrop<br \/>\n<\/span><\/p>\n<p><span style=\"color: #000000;\">Plankenschemm 17<\/span><br \/>\n<span style=\"color: #000000;\"> 46242 <\/span><\/p>\n<p>Bottrop\u00a0\u00a0\u00a0\u00a0\u00a0\u00a0\u00a0\u00a0 \u00a0 \u00a0 \u00a0 \u00a0 \u00a0 \u00a0 \u00a0 \u00a0 \u00a0 \u00a0 \u00a0 \u00a0 \u00a0 \u00a0 \u00a0 \u00a0 \u00a0 \u00a0 \u00a0 \u00a0 \u00a0 \u00a0 \u00a0 \u00a0 \u00a0 \u00a0 \u00a0 \u00a0 \u00a0 \u00a0 \u00a0 \u00a0 \u00a0 \u00a0 \u00a0 \u00a0 \u00a0 \u00a0 \u00a0 \u00a0 \u00a0 \u00a0 \u00a0 \u00a0 \u00a0 \u00a0 \u00a0 \u00a0 \u00a0<a href=\"https:\/\/barbaraheim-bottrop.de\/?page_id=228\" target=\"_blank\" rel=\"noopener noreferrer\"><span style=\"text-decoration: blink;\"><span style=\"background-color: #00ccff;\"> Anfahrt<\/span> <\/span><\/a><\/p>\n<p><em><span style=\"color: #0000ff;\"><strong><span style=\"font-size: 14pt;\">Der Verein im Internet:<\/span> <\/strong><\/span><\/em><\/p>\n<p><span style=\"color: #000000;\">www.barbaraheim-bottrop.de <\/span><\/p>\n<p><em><span style=\"color: #0000ff;\"><strong><span style=\"font-size: 14pt;\">Unsere Email &#8211; Kontaktadressen:<\/span> <\/strong><\/span><\/em><\/p>\n<p><span style=\"color: #000000;\">info@barbaraheim-bottrop.de\u00a0\u00a0\u00a0\u00a0\u00a0\u00a0\u00a0\u00a0\u00a0\u00a0\u00a0\u00a0\u00a0\u00a0\u00a0\u00a0\u00a0\u00a0\u00a0\u00a0\u00a0\u00a0\u00a0\u00a0\u00a0\u00a0\u00a0\u00a0\u00a0\u00a0\u00a0\u00a0\u00a0\u00a0\u00a0\u00a0\u00a0\u00a0\u00a0\u00a0\u00a0\u00a0\u00a0\u00a0 Allgemeine Fragen zum Verein und zum Barbaraheim <\/span><\/p>\n<p><span style=\"color: #000000;\">anfrage_1@barbaraheim-bottrop.de\u00a0\u00a0\u00a0\u00a0\u00a0\u00a0\u00a0\u00a0\u00a0\u00a0\u00a0\u00a0\u00a0\u00a0\u00a0\u00a0\u00a0\u00a0\u00a0\u00a0\u00a0\u00a0\u00a0\u00a0\u00a0\u00a0\u00a0\u00a0\u00a0\u00a0\u00a0\u00a0\u00a0 A<\/span><span style=\"color: #000000;\">nfragen zur Reservierung des Heims <\/span><\/p>\n<p><span style=\"color: #000000;\">webmaster@barbarheim-bottrop.de\u00a0\u00a0\u00a0\u00a0\u00a0\u00a0\u00a0\u00a0\u00a0\u00a0\u00a0\u00a0\u00a0\u00a0\u00a0\u00a0\u00a0\u00a0\u00a0\u00a0\u00a0\u00a0\u00a0\u00a0\u00a0\u00a0\u00a0\u00a0\u00a0\u00a0\u00a0\u00a0\u00a0 Anregungen und Fragen zum Internetauftritt <\/span><\/p>\n<p><span style=\"color: #000000;\">Sie k\u00f6nnen uns auch gerne \u00fcber diese Seite kontaktieren um Fragen, Anregungen oder, wenn es sein muss, auch Kritik zu \u00e4u\u00dfern. Mit einem Klick \u00f6ffnen Sie das Kontaktformular und schreiben uns direkt.<\/span><\/p>\n<p style=\"text-align: center;\"><a href=\"https:\/\/barbaraheim-bottrop.de\/?page_id=1210\" target=\"_blank\" rel=\"noopener\"><img loading=\"lazy\" decoding=\"async\" class=\"size-full wp-image-1243 aligncenter\" src=\"https:\/\/barbaraheim-bottrop.de\/wp-content\/uploads\/2017\/06\/362.png\" alt=\"\" width=\"58\" height=\"54\" \/><\/a><\/p>\n<div><em><span style=\"color: #000000;\">Bitte sprechen Sie uns auch gerne bei den zahlreichen Veranstaltungen direkt an.<\/span><\/em><\/div>\n<div><em><span style=\"color: #000000;\">Das Stadtteil-Caf\u00e9 jeden zweiten Donnerstag im Monat, bietet dazu eine sehr gute Gelegenheit.<\/span><\/em><\/div>\n","protected":false},"excerpt":{"rendered":"<p>Kontakte zum Verein &#8222;Barbaraheim Bottrop-Lehmkuhle e.V.&#8220; &nbsp; Post-Anschrift: \u00a0\u00a0 \u00a0\u00a0\u00a0\u00a0\u00a0\u00a0\u00a0\u00a0\u00a0\u00a0\u00a0\u00a0\u00a0\u00a0\u00a0\u00a0\u00a0\u00a0\u00a0\u00a0\u00a0\u00a0\u00a0\u00a0\u00a0\u00a0\u00a0\u00a0\u00a0\u00a0\u00a0\u00a0\u00a0\u00a0\u00a0\u00a0\u00a0\u00a0\u00a0\u00a0\u00a0\u00a0\u00a0\u00a0\u00a0\u00a0\u00a0\u00a0\u00a0\u00a0\u00a0\u00a0\u00a0\u00a0\u00a0\u00a0\u00a0\u00a0\u00a0\u00a0\u00a0\u00a0\u00a0 Adresse: Barbaraheim Bottrop-Lehmkuhle e.V.\u00a0\u00a0\u00a0\u00a0\u00a0\u00a0\u00a0\u00a0\u00a0\u00a0\u00a0\u00a0\u00a0\u00a0\u00a0\u00a0\u00a0\u00a0\u00a0\u00a0\u00a0\u00a0\u00a0\u00a0\u00a0\u00a0\u00a0\u00a0\u00a0\u00a0\u00a0\u00a0\u00a0\u00a0\u00a0\u00a0\u00a0\u00a0\u00a0\u00a0\u00a0\u00a0\u00a0\u00a0\u00a0\u00a0\u00a0\u00a0\u00a0\u00a0 Barbaraheim Bottrop-Lehmkuhle e.V. Vors. Elisabeth Herholz\u00a0\u00a0\u00a0\u00a0\u00a0\u00a0\u00a0\u00a0\u00a0\u00a0\u00a0\u00a0\u00a0\u00a0\u00a0\u00a0\u00a0\u00a0\u00a0\u00a0\u00a0\u00a0\u00a0\u00a0\u00a0\u00a0\u00a0\u00a0\u00a0\u00a0\u00a0\u00a0\u00a0\u00a0\u00a0\u00a0\u00a0\u00a0\u00a0\u00a0\u00a0\u00a0\u00a0\u00a0\u00a0\u00a0\u00a0\u00a0\u00a0\u00a0\u00a0\u00a0\u00a0\u00a0\u00a0\u00a0\u00a0\u00a0\u00a0\u00a0\u00a0\u00a0\u00a0\u00a0\u00a0\u00a0\u00a0\u00a0\u00a0\u00a0\u00a0\u00a0\u00a0\u00a0\u00a0\u00a0<\/p>\n","protected":false},"author":1,"featured_media":0,"parent":234,"menu_order":1,"comment_status":"closed","ping_status":"closed","template":"","meta":{"colormag_page_container_layout":"default_layout","colormag_page_sidebar_layout":"default_layout","footnotes":""},"class_list":["post-118","page","type-page","status-publish","hentry"],"_links":{"self":[{"href":"https:\/\/barbaraheim-bottrop.de\/index.php?rest_route=\/wp\/v2\/pages\/118","targetHints":{"allow":["GET"]}}],"collection":[{"href":"https:\/\/barbaraheim-bottrop.de\/index.php?rest_route=\/wp\/v2\/pages"}],"about":[{"href":"https:\/\/barbaraheim-bottrop.de\/index.php?rest_route=\/wp\/v2\/types\/page"}],"author":[{"embeddable":true,"href":"https:\/\/barbaraheim-bottrop.de\/index.php?rest_route=\/wp\/v2\/users\/1"}],"replies":[{"embeddable":true,"href":"https:\/\/barbaraheim-bottrop.de\/index.php?rest_route=%2Fwp%2Fv2%2Fcomments&post=118"}],"version-history":[{"count":57,"href":"https:\/\/barbaraheim-bottrop.de\/index.php?rest_route=\/wp\/v2\/pages\/118\/revisions"}],"predecessor-version":[{"id":1658,"href":"https:\/\/barbaraheim-bottrop.de\/index.php?rest_route=\/wp\/v2\/pages\/118\/revisions\/1658"}],"up":[{"embeddable":true,"href":"https:\/\/barbaraheim-bottrop.de\/index.php?rest_route=\/wp\/v2\/pages\/234"}],"wp:attachment":[{"href":"https:\/\/barbaraheim-bottrop.de\/index.php?rest_route=%2Fwp%2Fv2%2Fmedia&parent=118"}],"curies":[{"name":"wp","href":"https:\/\/api.w.org\/{rel}","templated":true}]}}