{"id":1144,"date":"2017-05-04T14:09:56","date_gmt":"2017-05-04T12:09:56","guid":{"rendered":"https:\/\/reinhard.grobosch.net\/wordpress\/?page_id=1144"},"modified":"2017-12-30T13:59:58","modified_gmt":"2017-12-30T12:59:58","slug":"stadtteilcafe","status":"publish","type":"page","link":"https:\/\/barbaraheim-bottrop.de\/?page_id=1144","title":{"rendered":"Stadtteilcaf\u00e8"},"content":{"rendered":"<p><a href=\"https:\/\/barbaraheim-bottrop.de\/wp-content\/uploads\/2017\/02\/Die-Damen-vom-Stadtteilcafe-e1487263620170.jpg\"><img loading=\"lazy\" decoding=\"async\" class=\"alignleft size-full wp-image-280\" src=\"https:\/\/barbaraheim-bottrop.de\/wp-content\/uploads\/2017\/02\/Die-Damen-vom-Stadtteilcafe-e1487263620170.jpg\" alt=\"\" width=\"1000\" height=\"603\" \/><\/a><\/p>\n<p><span style=\"color: #000000; font-family: georgia,palatino,serif;\">Diese Damen, diese flei\u00dfigen Bienen, sind es, die den feinsten Kuchen mit den passenden Getr\u00e4nken, jeden zweiten Donnerstag im Monat, ab 16:30 h das ganze Jahr \u00fcber,\u00a0 im Barbaraheim das Stadtteil Caf\u00e9 hegen und pflegen.<\/span><\/p>\n<p><span style=\"color: #000000; font-family: georgia,palatino,serif; font-size: 12pt;\">Sich treffen, austauschen und in gem\u00fctlicher Runde zusammen sein.<\/span><\/p>\n<p><span style=\"color: #000000; font-family: georgia,palatino,serif;\">Bereichert\u00a0 wird die jeweilige \u201eCaf\u00e9 Zeit\u201c mit\u00a0 Erz\u00e4hlungen und Berichten verschiedenster Personen aus ihrem Alltag und aus ihren Berufen mit aufschlussreichen und spannenden Schilderungen.<\/span><\/p>\n<p><span style=\"color: #000000; font-family: georgia,palatino,serif;\">Die jeweiligen Ank\u00fcndigungen\u00a0 dazu wurden in der Tageszeitung sowie auch auf unserer Homepage ver\u00f6ffentlicht.<\/span><\/p>\n<p><span style=\"color: #000000; font-family: georgia,palatino,serif;\">Jeden zweiten Donnerstag im Monat ab 16:30 im Barbaraheim, ein\u00a0 paar\u00a0 muntere Stunden\u00a0 mit spannenden Informationen. <\/span><\/p>\n<p style=\"text-align: center;\"><strong><span style=\"color: #000000; font-family: georgia,palatino,serif;\">Darauf sollten Sie sich nicht verzichten.<\/span><\/strong><\/p>\n<p><span style=\"color: #000000; font-family: georgia,palatino,serif;\">So geht es auch in diesem Jahr weiter.<\/span><\/p>\n<p style=\"text-align: center;\"><span style=\"font-size: 14pt;\"><strong><span style=\"color: #000000; font-family: georgia,palatino,serif;\">Alle sind herzlich eingeladen!<\/span><\/strong><\/span><\/p>\n<p>&nbsp;<\/p>\n","protected":false},"excerpt":{"rendered":"<p>Diese Damen, diese flei\u00dfigen Bienen, sind es, die den feinsten Kuchen mit den passenden Getr\u00e4nken, jeden zweiten Donnerstag im Monat,<\/p>\n","protected":false},"author":1,"featured_media":0,"parent":111,"menu_order":0,"comment_status":"closed","ping_status":"closed","template":"","meta":{"colormag_page_container_layout":"default_layout","colormag_page_sidebar_layout":"default_layout","footnotes":""},"class_list":["post-1144","page","type-page","status-publish","hentry"],"_links":{"self":[{"href":"https:\/\/barbaraheim-bottrop.de\/index.php?rest_route=\/wp\/v2\/pages\/1144","targetHints":{"allow":["GET"]}}],"collection":[{"href":"https:\/\/barbaraheim-bottrop.de\/index.php?rest_route=\/wp\/v2\/pages"}],"about":[{"href":"https:\/\/barbaraheim-bottrop.de\/index.php?rest_route=\/wp\/v2\/types\/page"}],"author":[{"embeddable":true,"href":"https:\/\/barbaraheim-bottrop.de\/index.php?rest_route=\/wp\/v2\/users\/1"}],"replies":[{"embeddable":true,"href":"https:\/\/barbaraheim-bottrop.de\/index.php?rest_route=%2Fwp%2Fv2%2Fcomments&post=1144"}],"version-history":[{"count":10,"href":"https:\/\/barbaraheim-bottrop.de\/index.php?rest_route=\/wp\/v2\/pages\/1144\/revisions"}],"predecessor-version":[{"id":1643,"href":"https:\/\/barbaraheim-bottrop.de\/index.php?rest_route=\/wp\/v2\/pages\/1144\/revisions\/1643"}],"up":[{"embeddable":true,"href":"https:\/\/barbaraheim-bottrop.de\/index.php?rest_route=\/wp\/v2\/pages\/111"}],"wp:attachment":[{"href":"https:\/\/barbaraheim-bottrop.de\/index.php?rest_route=%2Fwp%2Fv2%2Fmedia&parent=1144"}],"curies":[{"name":"wp","href":"https:\/\/api.w.org\/{rel}","templated":true}]}}