{"id":109,"date":"2017-02-09T14:54:22","date_gmt":"2017-02-09T13:54:22","guid":{"rendered":"http:\/\/reinhard.grobosch.net\/wordpress\/?page_id=109"},"modified":"2019-02-11T15:48:53","modified_gmt":"2019-02-11T14:48:53","slug":"initiativen-vom-und-im-barbaraheim","status":"publish","type":"page","link":"https:\/\/barbaraheim-bottrop.de\/?page_id=109","title":{"rendered":"Initiativen rund ums Barbaraheim"},"content":{"rendered":"<p style=\"text-align: center;\"><span style=\"text-decoration: underline; font-size: 20pt; color: #000000;\"><span style=\"font-family: georgia, palatino, serif;\"><strong>Initiativen rund ums Barbaraheim<\/strong><\/span><\/span><\/p>\n<div style=\"text-align: center;\"><span style=\"color: #000000;\">Details zu allen Veranstaltungen entnehmen Sie bitte der Seite mit den Veranstaltungsterminen <\/span><\/div>\n<div style=\"text-align: center;\"><span style=\"color: #000000;\">sowie auch dem &#8222;Link&#8220; auf der Startseite unten links.<\/span><\/div>\n<p>&nbsp;<\/p>\n<p><strong><span style=\"font-size: 18pt; color: #000000;\">Sternsinger<\/span><\/strong><\/p>\n<p><span style=\"color: #000000;\">Wie jedes Jahr beginnen unsere Aktivit\u00e4ten im Barbaraheim mit den Sternsingern in der Zeit bis zum Fest Hl. Drei K\u00f6nige.<br \/>\n<\/span><\/p>\n<p><span style=\"color: #000000;\">Johannes Bombeck ist der Initiator, Organisator und Betreuer.<\/span><\/p>\n<p><span style=\"color: #000000;\">Immerhin sind es 3-4 Tage pers\u00f6nlicher Einsatz.\u00a0 Vorbereitungen, wie Kinder und Begleitpersonen gewinnen, die Kleider herrichten, die Betreuung der Aktiven an diesen Tagen mit Speisen und Getr\u00e4nke, die Besuchsstrecken organisieren u. koordinieren, Einnahmen z\u00e4hlen und schlie\u00dflich abrechnen u. a. f\u00fcr all das, nicht nur den Aktiven sondern auch u. vor allem gro\u00dfen Dank an Johannes Bombeck.<\/span><\/p>\n<p><span style=\"color: #000000;\">F\u00fcr 2018 k\u00f6nnen wir folgendes vermelden:<\/span><\/p>\n<p><span style=\"color: #000000;\">Auch\u00a0 in diesem Jahr konnten wieder reichlich Spenden durch unsere Sternsinger gesammelt werden. So k\u00f6nnen die Sternsinger der ehemaligen Pfarrei St. Barbara mit <strong>2.953,69 EURO<\/strong> einen neuen Sammelrekord verzeichnen. Allen, die an diesem Erfolg mit geholfen haben, sowie auch allen Spendern gilt unser herzliches Dankesch\u00f6n.<\/span><\/p>\n<p>&nbsp;<\/p>\n<p><span style=\"font-size: 18pt; color: #000000;\"><strong>KAB Fastenessen<\/strong><\/span><\/p>\n<p><span style=\"color: #000000;\">Mittlerweile ist das Fastenessen ein fester Bestandteil in unserem Barbaraheim. Die KAB Nikolaus Gro\u00df veranstaltet jedes Jahr in der Fastenzeit dieses Essen. Es gibt traditionell Heringsstipp mit Salzkartoffeln und Erbsensuppe mit Br\u00fchw\u00fcrstchen.Der Erl\u00f6s dieser Veranstaltung wird an das Weltnotwerk der KAB gespendet.<\/span><\/p>\n<p>&nbsp;<\/p>\n<p><span style=\"font-size: 18pt; color: #000000;\"><strong>Wegekreuz-Wanderung<\/strong><\/span><\/p>\n<p><span style=\"color: #000000;\"><b>Am 11.3.2016 <\/b>wurde erstmalig eine Wegekreuz-Wanderung von dem BBH-Vorstand-Beirat initiiert.<\/span><\/p>\n<p><span style=\"color: #000000;\">Die nachfolgende Schilderung vermittelt einen Eindruck dieser au\u00dfergew\u00f6hnlichen Wanderung.<\/span><\/p>\n<p><span style=\"color: #000000;\"><b>Besuch der Wegekreuze in der Gemeinde Herz Jesu<\/b><\/span><\/p>\n<p><span style=\"color: #000000;\">Am Freitag, den 11.03.16 machten wir uns auf, die vier\u00a0 Wegekreuze auf dem Gebiet der Gemeinde Herz Jesu zu besuchen. Unser ca. 4 km langer Gang begann an der Herz Jesu Kirche. An den Stationen wurden Geschichte und Bedeutung erl\u00e4utert. Daran schloss sich ein Gebet an. Bei den Kreuzen handelt es sich um das Trappesche Kreuz (gegen\u00fcber der Einm\u00fcndung der Adolf-Kolping-Stra\u00dfe in die Prosperstra\u00dfe), das Birkenfeldsche Hof- und Wegkreuz (Am Quellenbusch zwischen Einm\u00fcndung an der Landwehr und In der Schanze), das Kreuz &#8222;Auferstandener Christus&#8220; auf dem Grundst\u00fcck der Gesellschaft f\u00fcr Bauen und Wohnen mbH (S\u00fcdring Nr. 53a) und das Hagelkreuz (An der Sandbahn 10).<\/span><\/p>\n<p><span style=\"color: #000000;\">Es ist geplant, diese Wanderung allj\u00e4hrlich zu wiederholen.<\/span><\/p>\n<p><span style=\"color: #000000;\">Wer Interesse hat und mitgehen m\u00f6chte, melde sich bei Eberhard Lang unter der Email-Adresse: info@barbaraheim-bottrop.de<br \/>\n<\/span><\/p>\n<p>&nbsp;<\/p>\n<p><span style=\"font-size: 20pt; color: #000000;\"><strong>Fahrrad-Wallfahrt nach Kevelaer<\/strong><\/span><\/p>\n<div><span style=\"color: #000000;\">Gro\u00dfen Zuspruch hatte im Mai 2016\/17\u00a0 die Fahrrad \u2013 Wallfahrt nach Kevelaer.<\/span><\/div>\n<div><span style=\"color: #000000;\">Der Termin f\u00fcr dieses Jahr entnehmen Sie bitte der Seite mit den Veranstaltungsterminen.<br \/>\n<\/span><\/div>\n<div><span style=\"color: #000000;\">Interessenten, wir hoffen viele, wenden sich bitte an Eberhard Lang unter der Email-Adresse: info@barbaraheim-bottrop.de<\/span><\/div>\n<div><\/div>\n<p><span style=\"font-size: 18pt; color: #000000;\"><strong>Osterfeuer<\/strong><\/span><\/p>\n<div><span style=\"color: #000000;\">Traditionell wurde am Ostersonntag wieder das Osterfeuer abgebrannt mit \u00f6sterlichem Gesang, Ostereier f\u00fcr alle, Getr\u00e4nke mit u. ohne\u2026,<\/span><\/div>\n<div><span style=\"color: #000000;\">Mit \u00fcberraschend vielen Besuchern feierten wir auf unserer Hof-Wiese das Osterfest mit kr\u00e4ftigen Feuer.<\/span><\/div>\n<div><span style=\"color: #000000;\">Jetzt, am kommenden Ostersonntag, um 18:00h feiern wir wieder.<\/span><\/div>\n<div><span style=\"color: #000000;\">Sie sind alle herzlich eingeladen.<\/span><\/div>\n<p>&nbsp;<\/p>\n<h2 class=\"subject\"><span style=\"color: #000000;\">Stadtteilfest Lehmkuhle<\/span><\/h2>\n<p><span style=\"color: #000000;\">Seit\u00a0 Schlie\u00dfung der Kirche St. Barbara im Jahre 2007 organisiert der Verein Barbaraheim Bottrop-Lehmkuhle e. V. in Fortsetzung der allj\u00e4hrlichen Pfarrfeste das Stadtteilfest Lehmkuhle. Es beginnt traditionell mit einer heiligen Messe am Pfarrheim.\u00a0 Den\u00a0 Termin des diesj\u00e4hrigen Stadtteilfestes entnehmen Sie bitte der Seite mit den Veranstaltungsterminen.<br \/>\n<\/span><\/p>\n<p><span style=\"color: #000000;\">Alle sind zum Mitfeiern sehr herzlich eingeladen.<\/span><\/p>\n<p>&nbsp;<\/p>\n","protected":false},"excerpt":{"rendered":"<p>Initiativen rund ums Barbaraheim Details zu allen Veranstaltungen entnehmen Sie bitte der Seite mit den Veranstaltungsterminen sowie auch dem &#8222;Link&#8220;<\/p>\n","protected":false},"author":1,"featured_media":0,"parent":648,"menu_order":4,"comment_status":"closed","ping_status":"closed","template":"","meta":{"colormag_page_container_layout":"default_layout","colormag_page_sidebar_layout":"default_layout","footnotes":""},"class_list":["post-109","page","type-page","status-publish","hentry"],"_links":{"self":[{"href":"https:\/\/barbaraheim-bottrop.de\/index.php?rest_route=\/wp\/v2\/pages\/109","targetHints":{"allow":["GET"]}}],"collection":[{"href":"https:\/\/barbaraheim-bottrop.de\/index.php?rest_route=\/wp\/v2\/pages"}],"about":[{"href":"https:\/\/barbaraheim-bottrop.de\/index.php?rest_route=\/wp\/v2\/types\/page"}],"author":[{"embeddable":true,"href":"https:\/\/barbaraheim-bottrop.de\/index.php?rest_route=\/wp\/v2\/users\/1"}],"replies":[{"embeddable":true,"href":"https:\/\/barbaraheim-bottrop.de\/index.php?rest_route=%2Fwp%2Fv2%2Fcomments&post=109"}],"version-history":[{"count":15,"href":"https:\/\/barbaraheim-bottrop.de\/index.php?rest_route=\/wp\/v2\/pages\/109\/revisions"}],"predecessor-version":[{"id":1953,"href":"https:\/\/barbaraheim-bottrop.de\/index.php?rest_route=\/wp\/v2\/pages\/109\/revisions\/1953"}],"up":[{"embeddable":true,"href":"https:\/\/barbaraheim-bottrop.de\/index.php?rest_route=\/wp\/v2\/pages\/648"}],"wp:attachment":[{"href":"https:\/\/barbaraheim-bottrop.de\/index.php?rest_route=%2Fwp%2Fv2%2Fmedia&parent=109"}],"curies":[{"name":"wp","href":"https:\/\/api.w.org\/{rel}","templated":true}]}}