{"id":108,"date":"2017-02-09T14:54:22","date_gmt":"2017-02-09T13:54:22","guid":{"rendered":"http:\/\/reinhard.grobosch.net\/wordpress\/?page_id=108"},"modified":"2024-07-06T15:49:09","modified_gmt":"2024-07-06T13:49:09","slug":"bisherige-aktivitaeten-rund-um-das-barbaraheim","status":"publish","type":"page","link":"https:\/\/barbaraheim-bottrop.de\/?page_id=108","title":{"rendered":"Aktivit\u00e4ten im und vom Barbaraheim"},"content":{"rendered":"<p>&nbsp;<\/p>\n<div style=\"text-align: center;\"><span style=\"color: #000000; font-size: 16pt;\"><span style=\"font-size: 18pt;\"><strong>Regelm\u00e4\u00dfig genutzt wird das Barbaraheim f\u00fcr die nachstehend aufgef\u00fchrten Aktivit\u00e4ten<\/strong><\/span>:<\/span><\/div>\n<div>\u00a0.<\/div>\n<div style=\"text-align: center;\">\u00a0<span style=\"color: #000000;\">(Mehr und detaillierte Informationen erhalten Sie durch Anklicken des jeweiligen Ikons)<\/span><\/div>\n<div>\u00a0.<\/div>\n<div style=\"text-align: center;\"><\/div>\n<div style=\"text-align: center;\"><span style=\"color: #000000;\">Dienstags:<strong> Turngruppe<\/strong> &#8211; Leiterin: Birgit Jarendt<\/span><\/div>\n<div style=\"text-align: center;\"><a href=\"https:\/\/barbaraheim-bottrop.de\/wp-content\/uploads\/2017\/10\/Seite-in-Arbeit.pdf\" target=\"_blank\" rel=\"noopener noreferrer\"><img loading=\"lazy\" decoding=\"async\" class=\"alignnone\" src=\"http:\/\/wordpress.barbaraheim-bottrop.de\/wp-content\/uploads\/2017\/04\/Gymnastik-1.jpg\" width=\"79\" height=\"100\" \/><\/a><\/div>\n<div style=\"text-align: center;\"><\/div>\n<div style=\"text-align: center;\"><span style=\"color: #000000;\">Mittwochs: <strong>Tischtennis<\/strong> &#8211; Leiter: Peter Gajda<br \/>\n<\/span><\/div>\n<div style=\"text-align: center;\"><\/div>\n<div style=\"text-align: center;\"><span style=\"color: #000000;\">\u00a0 <\/span><a href=\"https:\/\/barbaraheim-bottrop.de\/?page_id=920\" target=\"_blank\" rel=\"noopener noreferrer\"><img loading=\"lazy\" decoding=\"async\" class=\"alignnone wp-image-918\" src=\"http:\/\/wordpress.barbaraheim-bottrop.de\/wp-content\/uploads\/2017\/04\/sport_table_tennis.png\" width=\"40\" height=\"40\" \/><\/a><\/div>\n<div style=\"text-align: center;\"><\/div>\n<div style=\"text-align: center;\"><\/div>\n<div style=\"text-align: center;\"><span style=\"color: #000000;\">Jeden Donnerstag: <strong>N\u00e4hkurs<\/strong> -Leiterin: Margret H\u00e4ken\u00a0 \u00a0\u00a0 <\/span><\/div>\n<div style=\"text-align: center;\"><\/div>\n<div style=\"text-align: center;\"><span style=\"color: #000000;\"><a href=\"https:\/\/barbaraheim-bottrop.de\/?page_id=1029\" target=\"_blank\" rel=\"noopener noreferrer\"><img loading=\"lazy\" decoding=\"async\" class=\"alignnone\" src=\"http:\/\/wordpress.barbaraheim-bottrop.de\/wp-content\/uploads\/2017\/04\/N\u00e4hmaschine.jpg\" alt=\"\" width=\"56\" height=\"65\" \/><\/a><br \/>\n<\/span><\/div>\n<div><\/div>\n<div style=\"text-align: center;\"><span style=\"color: #000000;\">Jeden 1. Donnerstag im Monat <strong>Freundschaftskreis<\/strong> unter der Leitung von Elisabeth Herholz. <\/span><\/div>\n<div style=\"text-align: center;\">Bei Kaffee, Kuchen\u00a0 und Unterhaltung wird auch zum &#8222;Bingo&#8220; geladen.<\/div>\n<div style=\"text-align: center;\"><\/div>\n<div><a href=\"https:\/\/barbaraheim-bottrop.de\/wp-content\/uploads\/2020\/02\/Freundschaftskreis.pdf\" target=\"_blank\" rel=\"noopener noreferrer\"><img loading=\"lazy\" decoding=\"async\" class=\"aligncenter\" src=\"https:\/\/barbaraheim-bottrop.de\/wp-content\/uploads\/2020\/02\/Bingo.png\" alt=\"Bingo\" width=\"138\" height=\"74\" \/><\/a><\/div>\n<div><\/div>\n<div style=\"text-align: center;\"><span style=\"color: #000000;\">Jeden 2-ten Donnerstag im Monat: <strong>Stadtteilcaf\u00e9<\/strong> mit Kaffee und Kuchen, <\/span><\/div>\n<div style=\"text-align: center;\"><span style=\"color: #000000;\">sowie geladenen Referenten zu den unterschiedlichsten Themen<br \/>\n<\/span><\/div>\n<div style=\"text-align: center;\"><span style=\"color: #000000;\">unter der Leitung von Elisabeth Herholz<\/span><\/div>\n<div style=\"text-align: center;\"><\/div>\n<div style=\"text-align: center;\"><\/div>\n<div style=\"text-align: center;\"><a href=\"https:\/\/barbaraheim-bottrop.de\/?page_id=1144\" target=\"_blank\" rel=\"noopener noreferrer\"><img loading=\"lazy\" decoding=\"async\" class=\"alignnone\" src=\"http:\/\/wordpress.barbaraheim-bottrop.de\/wp-content\/uploads\/2017\/04\/Stadtteilcafe.jpg\" alt=\"\" width=\"66\" height=\"65\" \/><\/a><\/div>\n<div style=\"text-align: center;\"><\/div>\n<div style=\"text-align: center;\"><\/div>\n<div style=\"text-align: center;\"><span style=\"color: #000000;\">\u00a0<\/span><\/div>\n<div style=\"text-align: center;\"><\/div>\n<div><\/div>\n<div><\/div>\n<div><\/div>\n","protected":false},"excerpt":{"rendered":"<p>&nbsp; Regelm\u00e4\u00dfig genutzt wird das Barbaraheim f\u00fcr die nachstehend aufgef\u00fchrten Aktivit\u00e4ten: \u00a0. \u00a0(Mehr und detaillierte Informationen erhalten Sie durch Anklicken<\/p>\n","protected":false},"author":1,"featured_media":0,"parent":648,"menu_order":3,"comment_status":"closed","ping_status":"closed","template":"","meta":{"colormag_page_container_layout":"default_layout","colormag_page_sidebar_layout":"default_layout","footnotes":""},"class_list":["post-108","page","type-page","status-publish","hentry"],"_links":{"self":[{"href":"https:\/\/barbaraheim-bottrop.de\/index.php?rest_route=\/wp\/v2\/pages\/108","targetHints":{"allow":["GET"]}}],"collection":[{"href":"https:\/\/barbaraheim-bottrop.de\/index.php?rest_route=\/wp\/v2\/pages"}],"about":[{"href":"https:\/\/barbaraheim-bottrop.de\/index.php?rest_route=\/wp\/v2\/types\/page"}],"author":[{"embeddable":true,"href":"https:\/\/barbaraheim-bottrop.de\/index.php?rest_route=\/wp\/v2\/users\/1"}],"replies":[{"embeddable":true,"href":"https:\/\/barbaraheim-bottrop.de\/index.php?rest_route=%2Fwp%2Fv2%2Fcomments&post=108"}],"version-history":[{"count":76,"href":"https:\/\/barbaraheim-bottrop.de\/index.php?rest_route=\/wp\/v2\/pages\/108\/revisions"}],"predecessor-version":[{"id":1093,"href":"https:\/\/barbaraheim-bottrop.de\/index.php?rest_route=\/wp\/v2\/pages\/108\/revisions\/1093"}],"up":[{"embeddable":true,"href":"https:\/\/barbaraheim-bottrop.de\/index.php?rest_route=\/wp\/v2\/pages\/648"}],"wp:attachment":[{"href":"https:\/\/barbaraheim-bottrop.de\/index.php?rest_route=%2Fwp%2Fv2%2Fmedia&parent=108"}],"curies":[{"name":"wp","href":"https:\/\/api.w.org\/{rel}","templated":true}]}}