{"id":107,"date":"2017-02-09T14:54:22","date_gmt":"2017-02-09T13:54:22","guid":{"rendered":"http:\/\/reinhard.grobosch.net\/wordpress\/?page_id=107"},"modified":"2018-01-05T12:37:07","modified_gmt":"2018-01-05T11:37:07","slug":"geschichte-des-barbaraheimes","status":"publish","type":"page","link":"https:\/\/barbaraheim-bottrop.de\/?page_id=107","title":{"rendered":"Geschichte des Barbaraheimes"},"content":{"rendered":"<p style=\"text-align: center;\"><strong><span style=\"text-decoration: underline;\"><span style=\"font-family: times new roman,times,serif; font-size: 22pt;\">Die Geschichte des Barbaraheimes<\/span><\/span><\/strong><\/p>\n<p style=\"text-align: left;\"><span style=\"font-size: 14pt;\"><strong>1974<\/strong><\/span>\u00a0\u00a0 Anfang Juli konnte mit dem Bau eines Pfarrheimes begonnen werden.<\/p>\n<p style=\"text-align: left;\"><span style=\"font-size: 14pt;\"><strong>1975\u00a0<\/strong>\u00a0<\/span> Das Pfarrheim am Unterberg war fertig und konnte offiziell seiner Bestimmung \u00fcbergeben werden. Dieses Fest konnte die Pfarrfamilie am <strong>27. April 1975<\/strong> feiern. H\u00f6hepunkt der Einweihung war das Anbringen eines Holzkreuzes, das von dem in der Pfarrgemeinde lebenden Bildhauers Alfred Wrabetz (2005 Kulturpreistr\u00e4ger der Stadt Bottrop) geschaffen worden war. Im Wesentlichen soll das neue Pfarrheim von den kirchlichen Vereinen und Verb\u00e4nden genutzt werden. Dazu kann es auch den Pfarrangeh\u00f6rigen zu pers\u00f6nlichen Feiern zur Verf\u00fcgung gestellt werden. Die einzelnen R\u00e4ume sind so voneinander zu trennen, dass gegebenenfalls zwei bis drei Veranstaltungen zur gleichen Zeit stattfinden k\u00f6nnen. Rein \u00e4u\u00dferlich gesehen bildet das neue Pfarrheim mit der Kirche, dem Pfarrhaus und dem Kindergarten eine wohl gelungene, geschlossene Einheit.<\/p>\n<p><strong><span style=\"font-size: 14pt;\">1976<\/span><\/strong>\u00a0\u00a0 Am Ostersonntag wurde hinter dem neuen Pfarrheim erstmals ein Osterfeuer entz\u00fcndet.<\/p>\n<p>&#8222;Es ist gut&#8220;, so erkl\u00e4rte Pastor Zdarta, &#8222;wenn altes Brauchtum auch bei uns wiederauflebt!&#8220;<\/p>\n<p><strong><span style=\"font-size: 14pt;\">1977\u00a0\u00a0<\/span><\/strong> Mit den Instandsetzungsarbeiten im Kircheninneren musste in diesem Jahr noch gewartet werden. Statt dessen konnte gl\u00fccklicherweise mit der Versch\u00f6nerung des Gel\u00e4ndes hinter dem Pfarrheim begonnen werden. Bei der letzten Firmreise von Bischof Dr. Franz Hengstbach, im Herbst vergangenen Jahres, versprach dieser der St. Barbara Gemeinde serbische Fichten. Der Bischof hielt sein Wort und stellte ein Anfangskapital von 1.500,&#8211; DM zur Beschaffung der Fichten zur Verf\u00fcgung. Es wurden 80 B\u00e4umchen gekauft und unter sachkundiger Anleitung eines G\u00e4rtners gepflanzt.<\/p>\n<p><strong><span style=\"font-size: 14pt;\">1991<\/span><\/strong> Eine aus Eisen geschmiedete Figur der Hl. Barbara stiftete die Leitung der Schachtanlage Prosper-Haniel unserer Gemeinde. An der Au\u00dfenwand unseres Pfarrheimes schm\u00fcckt diese Symbolfigur die Fassade. Durch die &#8222;Figur&#8220;, die Aufschrift St. Barbara und dem F\u00f6rderwagen wird die geographische Lage unserer Gemeinde als ehemaliges Bergarbeiterwohngebiet besonders betont. Rechtzeitig zum Pfarrfest am 13.\/14. Juli 1991 erfolgte die feierliche Einsegnung.<\/p>\n<p><strong><span style=\"font-size: 14pt;\">2000\u00a0<\/span><\/strong>\u00a0 Die in den 1960-iger Jahren durch Alfred Wrabetz f\u00fcr die Siedler geschaffene Steinplastik der Hl. Familie erh\u00e4lt im Vorgarten des Barbaraheims einen neuen Platz.<\/p>\n<p><strong><span style=\"font-size: 14pt;\">2008<\/span><\/strong>\u00a0\u00a0 Etablierung als Stadteiltreffpunkt Lehmkuhle durch den Verein &#8222;Barbaraheim Bottrop-Lehmkuhle e.V.&#8220;<\/p>\n<p><strong><span style=\"font-size: 14pt;\">2015\u00a0<\/span><\/strong>\u00a0 Das Barbaraheim feiert im Rahmen des Stadtteilfestes am 18.5.2015 auch sein 40 j\u00e4hriges Bestehen. Dieses Fest ist der j\u00e4hrliche H\u00f6hepunkt der Aktivit\u00e4ten im und um das Barbaraheim und wurde in diesem Jahr gekr\u00f6nt durch das 40 j\u00e4hrige Jubil\u00e4um.<\/p>\n<p>&nbsp;<\/p>\n<p>&nbsp;<\/p>\n<p>&nbsp;<\/p>\n<p>&nbsp;<\/p>\n","protected":false},"excerpt":{"rendered":"<p>Die Geschichte des Barbaraheimes 1974\u00a0\u00a0 Anfang Juli konnte mit dem Bau eines Pfarrheimes begonnen werden. 1975\u00a0\u00a0 Das Pfarrheim am Unterberg<\/p>\n","protected":false},"author":1,"featured_media":0,"parent":648,"menu_order":1,"comment_status":"closed","ping_status":"closed","template":"","meta":{"colormag_page_container_layout":"default_layout","colormag_page_sidebar_layout":"default_layout","footnotes":""},"class_list":["post-107","page","type-page","status-publish","hentry"],"_links":{"self":[{"href":"https:\/\/barbaraheim-bottrop.de\/index.php?rest_route=\/wp\/v2\/pages\/107","targetHints":{"allow":["GET"]}}],"collection":[{"href":"https:\/\/barbaraheim-bottrop.de\/index.php?rest_route=\/wp\/v2\/pages"}],"about":[{"href":"https:\/\/barbaraheim-bottrop.de\/index.php?rest_route=\/wp\/v2\/types\/page"}],"author":[{"embeddable":true,"href":"https:\/\/barbaraheim-bottrop.de\/index.php?rest_route=\/wp\/v2\/users\/1"}],"replies":[{"embeddable":true,"href":"https:\/\/barbaraheim-bottrop.de\/index.php?rest_route=%2Fwp%2Fv2%2Fcomments&post=107"}],"version-history":[{"count":23,"href":"https:\/\/barbaraheim-bottrop.de\/index.php?rest_route=\/wp\/v2\/pages\/107\/revisions"}],"predecessor-version":[{"id":1673,"href":"https:\/\/barbaraheim-bottrop.de\/index.php?rest_route=\/wp\/v2\/pages\/107\/revisions\/1673"}],"up":[{"embeddable":true,"href":"https:\/\/barbaraheim-bottrop.de\/index.php?rest_route=\/wp\/v2\/pages\/648"}],"wp:attachment":[{"href":"https:\/\/barbaraheim-bottrop.de\/index.php?rest_route=%2Fwp%2Fv2%2Fmedia&parent=107"}],"curies":[{"name":"wp","href":"https:\/\/api.w.org\/{rel}","templated":true}]}}