{"id":1062,"date":"2017-04-30T16:37:46","date_gmt":"2017-04-30T14:37:46","guid":{"rendered":"https:\/\/reinhard.grobosch.net\/wordpress\/?page_id=1062"},"modified":"2026-03-13T13:15:12","modified_gmt":"2026-03-13T12:15:12","slug":"besondere-ankuendigungen","status":"publish","type":"page","link":"https:\/\/barbaraheim-bottrop.de\/?page_id=1062","title":{"rendered":"Besondere Ank\u00fcndigungen"},"content":{"rendered":"<p style=\"text-align: center;\"><span style=\"text-decoration: underline; color: #000000;\"><span style=\"font-size: 16pt;\"><strong>Liebe Freunde, Besucher und Unterst\u00fctzer des Barbaraheimes<\/strong><\/span><\/span><\/p>\n<div style=\"text-align: center;\"><span style=\"color: #000000;\"><strong>Hier stellen wir Ihnen die unter der Rubrik Veranstaltungstermine angek\u00fcndigten Aktionen mit mehr Details vor. <\/strong><\/span><\/div>\n<div style=\"text-align: center;\"><span style=\"color: #000000;\"><strong>Wir hoffen auf Ihr Interesse und freuen uns \u00fcber eine rege Teilnahme.<\/strong><\/span><\/div>\n<div><\/div>\n<div style=\"text-align: center;\"><strong><span style=\"color: #000000;\">Ihr Team vom Barbaraheim<\/span><\/strong><\/div>\n<div style=\"text-align: center;\"><span style=\"font-size: 16pt;\"><strong>++++++++++++++++++++++++++++++++++++++++++<\/strong><\/span><\/div>\n<div style=\"text-align: center;\"><span style=\"text-decoration: underline; color: #000080;\"><strong>Hier eine Information in eigener Sache<\/strong><\/span><\/div>\n<div style=\"text-align: center;\"><span style=\"color: #000080;\">Spendenbescheinigungen werden in Zukunft nur noch f\u00fcr eine Summe \u00fcber 300 \u20ac ausgestellt. <\/span><\/div>\n<div style=\"text-align: center;\"><span style=\"color: #000000;\">Das Finanzamt erkennt alle Betr\u00e4ge bis 300 \u20ac durch Nachweis des \u00dcberweisungsbeleges an.<\/span><\/div>\n<div><\/div>\n<div style=\"text-align: center;\"><span style=\"color: #000000;\"><strong><span style=\"font-size: 16pt;\">++++++++++++++++++++++++++++++++++++++++++<\/span><\/strong><\/span><\/div>\n<div><\/div>\n<div style=\"text-align: center;\"><span style=\"font-size: 16pt; color: #000000;\"><strong>Am\u00a0 Sonntag, den 26.4.2026 um<\/strong> 18 Uhr gibt es die Kom\u00f6die <\/span><\/div>\n<div><\/div>\n<div style=\"text-align: center;\"><span style=\"font-size: 18pt; color: #000000;\"><strong>&#8222;Eingeschlossene Gesellschaft&#8220;<\/strong><\/span><\/div>\n<div style=\"text-align: center;\"><\/div>\n<div style=\"text-align: center;\"><span style=\"color: #000000;\">von Jan Weiler<\/span><\/div>\n<div>\n<p><span style=\"color: #000000;\">\u00a0Ein Freitagnachmittag im Lehrerzimmer &#8211; eigentlich die heilige Zeit, in der Lehrer und Lehrerinnen ihre Korrekturen ignorieren und ihre Seele auf dem Parkplatz Richtung Wochenende schicken. Doch daraus wird nichts: Ein verzweifelter Vater schlie\u00dft kurzerhand sechs P\u00e4dagogen im Lehrerzimmer ein \u2013 bewaffnet \u00a0mit der Forderung, seinem Sohn das Abitur und damit die Zukunft nicht wegen eines fehlenden Notenpunktes zu versauen.<\/span><\/p>\n<p><span style=\"color: #000000;\">Was folgt, ist weniger ein p\u00e4dagogisches Gespr\u00e4ch als vielmehr ein emotionales Survival-Training. Zwischen Kaffeemaschinen, alten Klausuren und p\u00e4dagogischen Prinzipien geraten die Lehrer aneinander \u2013 und vor allem an sich selbst. Bald fliegen nicht nur Argumente, sondern auch Masken: Der Idealist wird zynisch, der Zyniker moralisch, und irgendwer heult garantiert in die Filtert\u00fcte.<\/span><\/p>\n<p><span style=\"color: #000000;\">Jan Weiler serviert eine bissige Kom\u00f6die \u00fcber Bildung, Eitelkeit und den Wahnsinn hinter der Tafel \u2013 ein Kammerspiel, das beweist: Das wahre Drama spielt sich nicht im Klassenzimmer ab, sondern bei den Erwachsenen, die glauben, sie h\u00e4tten alles im Griff.<\/span><\/p>\n<p><span style=\"color: #000000;\">Verlag: Gustav Kiepenheuer B\u00fchnenvertriebs GmbH, Berlin<\/span><\/p>\n<\/div>\n<p>&nbsp;<\/p>\n<p><img loading=\"lazy\" decoding=\"async\" class=\"aligncenter\" src=\"https:\/\/www.essener-volksbuehne.de\/images\/evb_gesellschaft_poster_web_55kb.jpg\" alt=\"\" width=\"233\" height=\"349\" \/><\/p>\n<p>&nbsp;<\/p>\n<p>&nbsp;<\/p>\n<div style=\"text-align: center;\"><span style=\"color: #000000;\"><strong>++++++++++++++++++++++++++++++++++++++++++<\/strong><\/span><\/div>\n<div><\/div>\n<div><\/div>\n<div style=\"text-align: center;\"><\/div>\n<div style=\"text-align: left;\"><\/div>\n<div style=\"text-align: center;\"><\/div>\n<div>\n<div>\n<div><\/div>\n<\/div>\n<\/div>\n<p>&nbsp;<\/p>\n<p>&nbsp;<\/p>\n<p>&nbsp;<\/p>\n<p>&nbsp;<\/p>\n<p>&nbsp;<\/p>\n<p>&nbsp;<\/p>\n<p>&nbsp;<\/p>\n<p>&nbsp;<\/p>\n<p>&nbsp;<\/p>\n<p>&nbsp;<\/p>\n<p><span style=\"color: #000000;\">\u00a0<\/span><\/p>\n","protected":false},"excerpt":{"rendered":"<p>Liebe Freunde, Besucher und Unterst\u00fctzer des Barbaraheimes Hier stellen wir Ihnen die unter der Rubrik Veranstaltungstermine angek\u00fcndigten Aktionen mit mehr<\/p>\n","protected":false},"author":1,"featured_media":0,"parent":0,"menu_order":0,"comment_status":"closed","ping_status":"closed","template":"","meta":{"colormag_page_container_layout":"default_layout","colormag_page_sidebar_layout":"default_layout","footnotes":""},"class_list":["post-1062","page","type-page","status-publish","hentry"],"_links":{"self":[{"href":"https:\/\/barbaraheim-bottrop.de\/index.php?rest_route=\/wp\/v2\/pages\/1062","targetHints":{"allow":["GET"]}}],"collection":[{"href":"https:\/\/barbaraheim-bottrop.de\/index.php?rest_route=\/wp\/v2\/pages"}],"about":[{"href":"https:\/\/barbaraheim-bottrop.de\/index.php?rest_route=\/wp\/v2\/types\/page"}],"author":[{"embeddable":true,"href":"https:\/\/barbaraheim-bottrop.de\/index.php?rest_route=\/wp\/v2\/users\/1"}],"replies":[{"embeddable":true,"href":"https:\/\/barbaraheim-bottrop.de\/index.php?rest_route=%2Fwp%2Fv2%2Fcomments&post=1062"}],"version-history":[{"count":274,"href":"https:\/\/barbaraheim-bottrop.de\/index.php?rest_route=\/wp\/v2\/pages\/1062\/revisions"}],"predecessor-version":[{"id":2805,"href":"https:\/\/barbaraheim-bottrop.de\/index.php?rest_route=\/wp\/v2\/pages\/1062\/revisions\/2805"}],"wp:attachment":[{"href":"https:\/\/barbaraheim-bottrop.de\/index.php?rest_route=%2Fwp%2Fv2%2Fmedia&parent=1062"}],"curies":[{"name":"wp","href":"https:\/\/api.w.org\/{rel}","templated":true}]}}