{"id":104,"date":"2017-02-09T14:54:22","date_gmt":"2017-02-09T13:54:22","guid":{"rendered":"http:\/\/reinhard.grobosch.net\/wordpress\/?page_id=104"},"modified":"2025-06-15T17:10:27","modified_gmt":"2025-06-15T15:10:27","slug":"mitglied-werden-im-verein","status":"publish","type":"page","link":"https:\/\/barbaraheim-bottrop.de\/?page_id=104","title":{"rendered":"Mitglied werden im Verein"},"content":{"rendered":"<p style=\"text-align: center;\"><span style=\"font-size: 16pt; color: #000000;\">Mitglied werden im Verein<\/span><\/p>\n<p style=\"text-align: center;\"><span style=\"color: #000000;\"><em><strong><span style=\"text-decoration: underline;\"><span style=\"font-size: 20pt;\">&#8222;Barbaraheim Bottrop-Lehmkuhle e.V.&#8220;<\/span><\/span><\/strong><\/em><\/span><\/p>\n<p>&nbsp;<\/p>\n<p><span style=\"font-family: georgia, palatino, serif; color: #000000;\">Nutzen Sie ihre Chance, die Entwicklung des Stadtteiltreffpunktes Barbaraheim, und damit die Aktivit\u00e4ten im und um das Barbaraheim zu unterst\u00fctzen!<\/span><\/p>\n<p><span style=\"color: #000000;\">Sie k\u00f6nnen dies tun durch die F\u00f6rderung der Arbeit das Vereins &#8222;Barabraheim Bottrop-Lehmkuhle e.V.&#8220; wie zum Beispiel:<\/span><\/p>\n<ul>\n<li dir=\"ltr\"><span style=\"color: #000000;\">durch Ihre Mitarbeit im Verein und\/oder in einem der Arbeitskreise<\/span><\/li>\n<li><span style=\"color: #000000;\">durch Ihre Mitgliedschaft und einen j\u00e4hrlichen Mitgliedsbeitrag<\/span><\/li>\n<li><span style=\"color: #000000;\">durch eine Spende auf das Konto des Vereins mit Spendennachweis<\/span><\/li>\n<\/ul>\n<p><span style=\"text-decoration: underline; color: #000000;\"><strong>Mitgliedschaft:<\/strong><\/span><\/p>\n<p><span style=\"color: #000000;\">Hier finden Sie den<\/span> <span style=\"color: #000000;\"><strong><a href=\"https:\/\/barbaraheim-bottrop.de\/wp-content\/uploads\/2025\/06\/Flyer-und-Mitgliederantrag-Barbaraheim-2025.pdf\" target=\"_blank\" rel=\"noopener noreferrer\"><span style=\"font-size: 16pt;\">Aufnahmeantrag,<\/span>\u00a0 <\/a><\/strong>sowie die <\/span> <span style=\"color: #000000;\"><strong><a href=\"https:\/\/barbaraheim-bottrop.de\/wp-content\/uploads\/2019\/01\/DSVGO-01-2019-zum-Aufnahmeantrag.pdf\" target=\"_blank\" rel=\"noopener noreferrer\"><span style=\"font-size: 16pt;\">Informationen zur Datenschutz Grundverordnung (DSGVO)<\/span> <\/a><\/strong>. Den Aufnahmeantrag ausdrucken, ausf\u00fcllen und dann bitte an nachstehende Adresse senden. Das Informationsblatt zur DSGVO bitte ebenfalls ausdrucken und mit Ihren Unterlagen aufbewahren.<br \/>\n<\/span><\/p>\n<div><span style=\"color: #000000;\">Verein Barbaraheim Bottrop-Lehmkuhle e.V.<\/span><\/div>\n<div><span style=\"color: #000000;\">z. Hd. Frau Elisabeth Herholz<\/span><\/div>\n<div><span style=\"color: #000000;\">Plankenschemm 17<\/span><\/div>\n<div><span style=\"color: #000000;\">46 242 Bottrop<\/span><\/div>\n<div><\/div>\n<p><!--\n\n\n<div><span style=\"font-size: 16pt; color: #0000ff;\"><strong><a href=\"https:\/\/reinhard.grobosch.net\/wordpress\/?page_id=1176\" target=\"_blank\" rel=\"noopener noreferrer\"><strong>Aufnahmeantrag Online<\/strong><\/a><\/strong><\/span><\/div>\n\n\n\n\n<div><span style=\"color: #000080;\">\u00a0<\/span><\/div>\n\n\n\n\n<div><span style=\"color: #000000;\">\u00dcber diesen Link k\u00f6nnen Sie den Antrag an Ihrem PC ausf\u00fcllen und uns direkt per Email zusenden.<\/span><\/div>\n\n\n--><br \/>\n<strong><span style=\"font-size: 16pt;\">Spenden:<\/span><\/strong><\/p>\n<p><span style=\"color: #000000;\">Bitte beachten Sie hierzu auch die Seite mit dem Titel<\/span>\u00a0 <span style=\"font-size: 16pt;\"><strong><a href=\"https:\/\/barbaraheim-bottrop.de\/?page_id=105\" target=\"_blank\" rel=\"noopener noreferrer\">Spenden<\/a><\/strong><\/span><\/p>\n<p>&nbsp;<\/p>\n<p>&nbsp;<\/p>\n","protected":false},"excerpt":{"rendered":"<p>Mitglied werden im Verein &#8222;Barbaraheim Bottrop-Lehmkuhle e.V.&#8220; &nbsp; Nutzen Sie ihre Chance, die Entwicklung des Stadtteiltreffpunktes Barbaraheim, und damit die<\/p>\n","protected":false},"author":1,"featured_media":0,"parent":0,"menu_order":4,"comment_status":"closed","ping_status":"closed","template":"","meta":{"colormag_page_container_layout":"default_layout","colormag_page_sidebar_layout":"default_layout","footnotes":""},"class_list":["post-104","page","type-page","status-publish","hentry"],"_links":{"self":[{"href":"https:\/\/barbaraheim-bottrop.de\/index.php?rest_route=\/wp\/v2\/pages\/104","targetHints":{"allow":["GET"]}}],"collection":[{"href":"https:\/\/barbaraheim-bottrop.de\/index.php?rest_route=\/wp\/v2\/pages"}],"about":[{"href":"https:\/\/barbaraheim-bottrop.de\/index.php?rest_route=\/wp\/v2\/types\/page"}],"author":[{"embeddable":true,"href":"https:\/\/barbaraheim-bottrop.de\/index.php?rest_route=\/wp\/v2\/users\/1"}],"replies":[{"embeddable":true,"href":"https:\/\/barbaraheim-bottrop.de\/index.php?rest_route=%2Fwp%2Fv2%2Fcomments&post=104"}],"version-history":[{"count":44,"href":"https:\/\/barbaraheim-bottrop.de\/index.php?rest_route=\/wp\/v2\/pages\/104\/revisions"}],"predecessor-version":[{"id":2757,"href":"https:\/\/barbaraheim-bottrop.de\/index.php?rest_route=\/wp\/v2\/pages\/104\/revisions\/2757"}],"wp:attachment":[{"href":"https:\/\/barbaraheim-bottrop.de\/index.php?rest_route=%2Fwp%2Fv2%2Fmedia&parent=104"}],"curies":[{"name":"wp","href":"https:\/\/api.w.org\/{rel}","templated":true}]}}