{"id":103,"date":"2017-02-09T14:54:22","date_gmt":"2017-02-09T13:54:22","guid":{"rendered":"http:\/\/reinhard.grobosch.net\/wordpress\/?page_id=103"},"modified":"2017-04-10T14:04:53","modified_gmt":"2017-04-10T12:04:53","slug":"die-satzung","status":"publish","type":"page","link":"https:\/\/barbaraheim-bottrop.de\/?page_id=103","title":{"rendered":"Die Satzung"},"content":{"rendered":"<table width=\"789\">\n<tbody>\n<tr>\n<td width=\"838\"><span style=\"color: #000000;\"><strong> Die Satzung des Vereins <em>&#8222;Barbaraheim Bottrop-Lehmkuhle e.V.&#8220;<\/em><\/strong><\/span><\/td>\n<\/tr>\n<tr>\n<td width=\"838\"><\/td>\n<\/tr>\n<tr>\n<td width=\"838\"><\/td>\n<\/tr>\n<\/tbody>\n<\/table>\n<table width=\"789\">\n<tbody>\n<tr>\n<td><strong>\u00a71<\/strong><\/td>\n<td colspan=\"2\"><strong>Name, Sitz und Gesch\u00e4ftsjahr<\/strong><\/td>\n<\/tr>\n<tr>\n<td><\/td>\n<td>(1)<\/td>\n<td>Der Verein f\u00fchrt den Namen<\/p>\n<p><strong><em> &#8222;Barbaraheim Bottrop-Lehmkuhle\u201c<\/em><\/strong><\/p>\n<p>Er soll in das Vereinsregister beim Amtsgericht Bottrop eingetragen werden und nach Eintragung den Zusatz \u201ee. V.\u201c tragen.<\/td>\n<\/tr>\n<tr>\n<td><\/td>\n<td>(2)<\/td>\n<td>Der Verein hat seinen Sitz in Bottrop.<\/td>\n<\/tr>\n<tr>\n<td><\/td>\n<td>(3)<\/td>\n<td>Das Gesch\u00e4ftsjahr ist das Kalenderjahr<\/td>\n<\/tr>\n<\/tbody>\n<\/table>\n<p>&nbsp;<\/p>\n<table width=\"791\">\n<tbody>\n<tr>\n<td><strong>\u00a72<\/strong><\/td>\n<td colspan=\"2\"><strong>Zweck des Vereins<\/strong><\/td>\n<\/tr>\n<tr>\n<td><\/td>\n<td>(1)<\/td>\n<td>Der Zweck des Vereins ist Pflege und F\u00f6rderung des religi\u00f6sen, kulturellen und sozialen Lebens im Stadtteil Lehmkuhle der Stadt Bottrop.<\/td>\n<\/tr>\n<tr>\n<td><\/td>\n<td>(2)<\/td>\n<td>Der Vereinszweck wird insbesondere verwirklicht durch Erhaltung des Geb\u00e4udes des Barbaraheimes und des Inventars, karitative und seelsorgliche Aktivit\u00e4ten im Gebiet der bisherigen Gemeinde St. Barbara die Bildung eines Stadtteilzentrums.<\/td>\n<\/tr>\n<\/tbody>\n<\/table>\n<p>&nbsp;<\/p>\n<table width=\"790\">\n<tbody>\n<tr>\n<td><strong>\u00a73<\/strong><\/td>\n<td colspan=\"2\"><strong>Gemeinn\u00fctzigkeit des Vereins<\/strong><\/td>\n<\/tr>\n<tr>\n<td><\/td>\n<td>(1)<\/td>\n<td>Die T\u00e4tigkeit des Vereins ist nicht auf Erwerb gerichtet. Der Verein verfolgt ausschlie\u00dflich und unmittelbar kirchliche und gemeinn\u00fctzige Zwecke im Sinne des Abschnitts \u201eSteuerbeg\u00fcnstigte Zwecke\u201c der Abgabenordnung (\u00a7\u00a751-68 AO).<\/td>\n<\/tr>\n<tr>\n<td><\/td>\n<td>(2)<\/td>\n<td>Die Mittel des Vereins d\u00fcrfen nur f\u00fcr satzungsgem\u00e4\u00dfe Zwecke verwendet werden. Die Mitglieder des Vereins erhalten keine Gewinnanteile und in der Eigenschaft als Mitglieder auch keine sonstigen Zuwendungen oder Aufwandsentsch\u00e4digungen aus den Mitteln des Vereins.<\/td>\n<\/tr>\n<\/tbody>\n<\/table>\n<p>&nbsp;<\/p>\n<table width=\"790\">\n<tbody>\n<tr>\n<td><strong>\u00a74<\/strong><\/td>\n<td colspan=\"2\"><strong>Mitgliedschaft<\/strong><\/td>\n<\/tr>\n<tr>\n<td><\/td>\n<td>(1)<\/td>\n<td>Mitglieder des Vereins k\u00f6nnen nat\u00fcrliche und juristische Personen werden, die an den Zielen des Zwecks des Vereins interessiert sind. \u00dcber die Aufnahme entscheidet der Vorstand. Der Antrag soll den Namen, das Geburtsdatum, den Beruf und die postalische und, soweit vorhanden, die e-Mail-Anschrift des Antragstellers, bei juristischen Personen die Vertretungsverh\u00e4ltnisse enthalten.<\/td>\n<\/tr>\n<tr>\n<td><\/td>\n<td>(2)<\/td>\n<td>Gegen einen ablehnenden Bescheid des Vorstandes ist die schriftlich dem Vorstand einzureichende Beschwerde innerhalb von 4 Wochen ab Zugang des ablehnenden Bescheides zul\u00e4ssig. \u00dcber die Beschwerde entscheidet die Mitgliederversammlung.<\/td>\n<\/tr>\n<tr>\n<td><\/td>\n<td>(3)<\/td>\n<td>Die Mitgliedschaft endet durch Tod \u2013 bei juristischen Personen mit Verlust der Rechtsf\u00e4higkeit \u2013, durch freiwilligen Austritt, durch Ausschluss oder Streichung aus der Mitgliederliste.<\/td>\n<\/tr>\n<tr>\n<td><\/td>\n<td>(4)<\/td>\n<td>Ein Austritt aus dem Verein ist jederzeit m\u00f6glich. Er befreit nicht von der Pflicht zur Zahlung des Beitrags f\u00fcr das Jahr des Austritts.<\/td>\n<\/tr>\n<tr>\n<td><\/td>\n<td>(5)<\/td>\n<td>Eintritt und Austritt bed\u00fcrfen der Schriftform.<\/td>\n<\/tr>\n<tr>\n<td><\/td>\n<td>(6)<\/td>\n<td>Der Ausschluss eines Mitgliedes kann durch den Vorstand erfolgen, wenn ein wichtiger Grund vorliegt. Gegen den Ausschluss ist die schriftlich dem Vorstand einzureichende Beschwerde innerhalb von 4 Wochen ab Zugang der Mitteilung \u00fcber den Ausschluss zul\u00e4ssig. \u00dcber die Beschwerde entscheidet die Mitgliederversammlung.<\/td>\n<\/tr>\n<tr>\n<td><\/td>\n<td>(7)<\/td>\n<td>Die Beendigung der Mitgliedschaft kann durch den Vorstand erfolgen, wenn ein Mitglied mit mehr als einem Jahresbeitrag r\u00fcckst\u00e4ndig ist und trotz Mahnung keine Zahlung der R\u00fcckst\u00e4nde erfolgt, das Vereinsmitglied gr\u00f6blich gegen die Vereinsinteressen versto\u00dfen hat.<\/td>\n<\/tr>\n<tr>\n<td><\/td>\n<td>(8)<\/td>\n<td>Vor der Beschlussfassung ist dem Mitglied unter Setzung einer angemessenen Frist Gelegenheit zu geben, sich pers\u00f6nlich vor dem Vorstand oder schriftlich zu rechtfertigen. Der Beschluss \u00fcber den Ausschluss ist mit Gr\u00fcnden zu versehen und dem Mitglied mittels Einschreiben gegen R\u00fcckschein bekannt zu machen. Gegen den Ausschlie\u00dfungsbeschluss des Vorstandes steht dem Mitglied das Recht der Berufung zu. Die Berufung muss innerhalb einer Frist von einem Monat ab Zugang des Ausschlie\u00dfungsbeschlusses beim Vorstand schriftlich eingelegt werden. Ist die Berufung rechtzeitig eingelegt, hat der Vorstand innerhalb von zwei Monaten die Mitgliederversammlung zur Entscheidung \u00fcber die Berufung einzuberufen. Geschieht das nicht, gilt der Ausschlie\u00dfungsbeschluss als nicht erlassen. Macht das Mitglied vom Recht der Berufung keinen Gebrauch oder vers\u00e4umt es die Berufungsfrist, so unterwirft es sich damit dem Ausschlie\u00dfungsbeschluss mit der Folge, dass die Mitgliedschaft als beendet gilt.<\/td>\n<\/tr>\n<tr>\n<td><\/td>\n<td>(9)<\/td>\n<td>Bei Ausscheiden \u2013 gleich aus welchem Grunde \u2013 besteht kein Anspruch auf Auskehrung von Anteilen am Vereinsverm\u00f6gen.<\/td>\n<\/tr>\n<\/tbody>\n<\/table>\n<p>&nbsp;<\/p>\n<table width=\"789\">\n<tbody>\n<tr>\n<td><strong>\u00a75<\/strong><\/td>\n<td colspan=\"2\"><strong>Mitgliedsbeitr\u00e4ge<\/strong><\/td>\n<\/tr>\n<tr>\n<td><\/td>\n<td>(1)<\/td>\n<td>Der Mindestjahresbeitrag wird von der Mitgliederversammlung festgesetzt.<\/td>\n<\/tr>\n<\/tbody>\n<\/table>\n<p>&nbsp;<\/p>\n<table width=\"788\">\n<tbody>\n<tr>\n<td><strong>\u00a76<\/strong><\/td>\n<td colspan=\"2\"><strong>Organe des Vereins<\/strong><\/td>\n<\/tr>\n<tr>\n<td><\/td>\n<td>(1)<\/td>\n<td>Organe des Vereins sind der Vorstand und die Mitgliederversammlung.<\/td>\n<\/tr>\n<tr>\n<td><\/td>\n<td>(2)<\/td>\n<td>Organ im Sinne des \u00a726 BGB sind der Vorsitzende des Vorstandes, sein Stellvertreter, der Schatzmeister und der Schriftf\u00fchrer (Gesch\u00e4ftsf\u00fchrender Vorstand).<\/td>\n<\/tr>\n<\/tbody>\n<\/table>\n<p>&nbsp;<\/p>\n<table width=\"786\">\n<tbody>\n<tr>\n<td><strong>\u00a77<\/strong><\/td>\n<td colspan=\"2\"><strong>Vorstand<\/strong><\/td>\n<\/tr>\n<tr>\n<td><\/td>\n<td>(1)<\/td>\n<td>Der Vorstand besteht aus dem<\/p>\n<table width=\"100%\">\n<tbody>\n<tr>\n<td width=\"15\">&#8211;<\/td>\n<td width=\"97%\">Gesch\u00e4ftsf\u00fchrenden Vorstand und<\/td>\n<\/tr>\n<tr>\n<td width=\"15\">&#8211;<\/td>\n<td width=\"97%\">drei Beisitzern.<\/td>\n<\/tr>\n<\/tbody>\n<\/table>\n<\/td>\n<\/tr>\n<tr>\n<td><\/td>\n<td>(2)<\/td>\n<td>Der Vorstand kann zu seiner Unterst\u00fctzung weitere Mitglieder in den Vorstand ohne Stimmrecht berufen.<\/td>\n<\/tr>\n<tr>\n<td><\/td>\n<td>(3)<\/td>\n<td>Die Mitglieder des Vorstandes werden f\u00fcr die Dauer von 3 Jahren aus der Mitte der vollj\u00e4hrigen Vereinsmitglieder gew\u00e4hlt. Wiederwahl ist zul\u00e4ssig. Sie erhalten f\u00fcr ihre T\u00e4tigkeit keine Verg\u00fctung.<\/td>\n<\/tr>\n<tr>\n<td><\/td>\n<td>(4)<\/td>\n<td>Bis zur Neuwahl des neuen Vorstands bleibt der bisherige Vorstand im Amt.<\/td>\n<\/tr>\n<\/tbody>\n<\/table>\n<p>&nbsp;<\/p>\n<table width=\"784\">\n<tbody>\n<tr>\n<td><strong>\u00a78<\/strong><\/td>\n<td colspan=\"2\"><strong>Aufgaben des Vorstandes<\/strong><\/td>\n<\/tr>\n<tr>\n<td><\/td>\n<td>(1)<\/td>\n<td>Dem Vorstand obliegen die Gesch\u00e4ftsf\u00fchrung und die Ausf\u00fchrung der Beschl\u00fcsse der Mitgliederversammlung.<\/td>\n<\/tr>\n<tr>\n<td><\/td>\n<td>(2)<\/td>\n<td>Er ist beschlussf\u00e4hig, wenn mindestens die Mehrheit der Mitglieder des Vorstandes, darunter der Vorsitzende oder der Stellvertretende Vorsitzende anwesend ist. Er entscheidet mit einfacher Mehrheit der g\u00fcltigen abgegebenen Stimmen der anwesenden Vorstandsmitglieder. Bei Stimmengleichheit entscheidet die Stimme des Vorsitzenden, bei dessen Abwesenheit die des Stellvertretenden Vorsitzenden.<\/td>\n<\/tr>\n<tr>\n<td><\/td>\n<td>(3)<\/td>\n<td>Rechtsgesch\u00e4fte, die Verbindlichkeiten von \u20ac 10.000,00 \u00fcbersteigen, bed\u00fcrfen der Zustimmung der Mitgliederversammlung.<\/td>\n<\/tr>\n<tr>\n<td><\/td>\n<td>(4)<\/td>\n<td>Der gesch\u00e4ftsf\u00fchrende Vorstand vertritt den Verein Dritten gegen\u00fcber. Der Vorsitzende ist allein vertretungsberechtigt.<\/td>\n<\/tr>\n<tr>\n<td><\/td>\n<td>(5)<\/td>\n<td>Wird der Vorstand nicht durch den Vorstandsvorsitzenden als alleinvertretungsberechtigten Vertreter des Vorstandes gegen\u00fcber Dritten vertreten, wird er gegen\u00fcber Dritten durch jeweils 2 der anderen gesch\u00e4ftsf\u00fchrenden Vorstandsmitglieder gemeinschaftlich vertreten.<\/td>\n<\/tr>\n<tr>\n<td><\/td>\n<td>(6)<\/td>\n<td>Abweichend hiervon kann eine Bankvollmacht den Mitgliedern des gesch\u00e4ftsf\u00fchrenden Vorstands jeweils einzeln erteilt werden.<\/td>\n<\/tr>\n<tr>\n<td><\/td>\n<td>(7)<\/td>\n<td>Dem Schatzmeister obliegen die Verwaltung des Verm\u00f6gens und die ordnungsgem\u00e4\u00dfe Buchhaltung. Er legt dem Vorstand und der Mitgliederversammlung mindestens einmal im Jahr den Kassenbericht vor.<\/td>\n<\/tr>\n<\/tbody>\n<\/table>\n<p>&nbsp;<\/p>\n<table>\n<tbody>\n<tr>\n<td width=\"46\"><strong>\u00a79<\/strong><\/td>\n<td colspan=\"2\"><strong>Sitzungen und Beschl\u00fcsse<\/strong><\/td>\n<\/tr>\n<tr>\n<td width=\"46\"><\/td>\n<td width=\"41\">(1)<\/td>\n<td>Der Vorsitzende, im Falle seiner Verhinderung der stellvertretende Vorsitzende, beruft unter Angabe des Beratungsgegenstandes die Sitzungen des Vorstandes ein und leitet sie.<\/td>\n<\/tr>\n<tr>\n<td width=\"46\"><\/td>\n<td width=\"41\">(2)<\/td>\n<td>Der Schriftf\u00fchrer \u2013 bei Abwesenheit ein vom Versammlungsleiter zu bestimmendes Mitglied des Vorstandes \u2013 f\u00fchrt \u00fcber jede Sitzung des Vorstandes und jede Mitgliederversammlung ein Protokoll, das vom jeweiligen Protokollf\u00fchrer und vom Vorsitzenden, in dessen Abwesenheit vom Versammlungsleiter, zu unterzeichnen ist.<\/td>\n<\/tr>\n<\/tbody>\n<\/table>\n<p>&nbsp;<\/p>\n<table>\n<tbody>\n<tr>\n<td width=\"46\"><strong>\u00a710<\/strong><\/td>\n<td colspan=\"2\"><strong> Mitgliederversammlung<\/strong><\/td>\n<\/tr>\n<tr>\n<td width=\"46\"><\/td>\n<td width=\"41\">(1)<\/td>\n<td>Der Vorsitzende, im Falle seiner Verhinderung der stellvertretende Vorsitzende, beruft unter Angabe der Tagesordnung die Mitgliederversammlung ein.<\/td>\n<\/tr>\n<tr>\n<td width=\"46\"><\/td>\n<td width=\"41\">(2)<\/td>\n<td>Eine ordentliche Mitgliederversammlung findet mindestens einmal j\u00e4hrlich statt. Sie wird vom Vorstand mit einer Frist von 2 Wochen unter Bekanntgabe der Tagesordnung einberufen.<\/td>\n<\/tr>\n<tr>\n<td width=\"46\"><\/td>\n<td width=\"41\">(3)<\/td>\n<td>Au\u00dferordentliche Mitgliederversammlungen sind einzuberufen, wenn der Vorstand es f\u00fcr angebracht h\u00e4lt oder mindestens 10 % der Vereinsmitglieder dieses beim Vorstand beantragen.<\/p>\n<p>Die Frist zur Einladung betr\u00e4gt in diesem Fall 7 Tage.<\/td>\n<\/tr>\n<tr>\n<td width=\"46\"><\/td>\n<td width=\"41\">(4)<\/td>\n<td>Die Einberufung erfolgt schriftlich.<\/td>\n<\/tr>\n<tr>\n<td width=\"46\"><\/td>\n<td width=\"41\">(5)<\/td>\n<td>Die Mitgliederversammlung beschlie\u00dft \u00fcber<\/p>\n<table width=\"100%\">\n<tbody>\n<tr>\n<td width=\"5%\">&#8211;<\/td>\n<td width=\"95%\">die Billigung des Jahresberichts des Vorstandes<\/td>\n<\/tr>\n<tr>\n<td width=\"5%\">&#8211;<\/td>\n<td width=\"95%\">die Billigung des Kassenberichts des Schatzmeisters<\/td>\n<\/tr>\n<tr>\n<td width=\"5%\">&#8211;<\/td>\n<td width=\"95%\">die Entgegennahme des Berichts der Kassenpr\u00fcfer<\/td>\n<\/tr>\n<tr>\n<td width=\"5%\">&#8211;<\/td>\n<td width=\"95%\">die Entlastung des Vorstandes<\/td>\n<\/tr>\n<tr>\n<td width=\"5%\">&#8211;<\/td>\n<td width=\"95%\">die Wahl der Vorstandsmitglieder und deren Abberufung<\/td>\n<\/tr>\n<tr>\n<td width=\"5%\">&#8211;<\/td>\n<td width=\"95%\">die Wahl von 2 Kassenpr\u00fcfern und deren Abberufung<\/td>\n<\/tr>\n<tr>\n<td width=\"5%\">&#8211;<\/td>\n<td width=\"95%\">die der Mitgliederversammlung durch die Satzung zugewiesenen\u00a0 Entscheidungsgegenst\u00e4nde<\/td>\n<\/tr>\n<tr>\n<td width=\"5%\">&#8211;<\/td>\n<td width=\"95%\">die Behandlung weiterer ihr vom Vorstand vorgelegter\u00a0\u00a0\u00a0 Beratungsgegenst\u00e4nde<\/td>\n<\/tr>\n<\/tbody>\n<\/table>\n<\/td>\n<\/tr>\n<tr>\n<td width=\"46\"><\/td>\n<td width=\"41\">(6)<\/td>\n<td>Die Kassenpr\u00fcfer werden jeweils f\u00fcr die Dauer von zwei Jahren gew\u00e4hlt. Wiederwahl ist m\u00f6glich. Bei der ersten Wahl werden ein Kassenpr\u00fcfer f\u00fcr zwei Jahre und ein Kassenpr\u00fcfer f\u00fcr drei Jahre gew\u00e4hlt.<\/td>\n<\/tr>\n<tr>\n<td width=\"46\"><\/td>\n<td width=\"41\">(7)<\/td>\n<td>Die Mitgliederversammlung ist ohne R\u00fccksicht auf die Anzahl der erschienenen stimmberechtigten Mitglieder beschlussf\u00e4hig. Stimmberechtigt in der Mitgliederversammlung ist, wer das 16. Lebensjahr vollendet hat.<\/td>\n<\/tr>\n<tr>\n<td width=\"46\"><\/td>\n<td width=\"41\">(8)<\/td>\n<td>Die Mitgliederversammlung fasst ihre Beschl\u00fcsse mit einfacher Mehrheit der g\u00fcltigen abgegebenen Stimmen der anwesenden Mitglieder, sofern durch Gesetz oder Satzung nicht eine andere Stimmenmehrheit erforderlich ist.<\/td>\n<\/tr>\n<tr>\n<td width=\"46\"><\/td>\n<td width=\"41\">(9)<\/td>\n<td>Eine Vertretung bei der Stimmabgabe ist unzul\u00e4ssig. Geheime Abstimmung ist auf Antrag eines Antragstellers durchzuf\u00fchren.<\/td>\n<\/tr>\n<\/tbody>\n<\/table>\n<p>&nbsp;<\/p>\n<table width=\"782\">\n<tbody>\n<tr>\n<td><strong>\u00a711<\/strong><\/td>\n<td colspan=\"2\"><strong>\u00c4nderung der Satzung und Aufl\u00f6sung des Vereins<\/strong><\/td>\n<\/tr>\n<tr>\n<td><\/td>\n<td>(1)<\/td>\n<td>Zur \u00c4nderung der Satzung ist eine Mehrheit von zwei Dritteln der abgegebenen Stimmen erforderlich.<\/td>\n<\/tr>\n<tr>\n<td><\/td>\n<td>(2)<\/td>\n<td>Zur \u00c4nderung des Vereinszwecks und zur Aufl\u00f6sung des Vereins ist eine Mehrheit von 75 % der abgegebenen Stimmen erforderlich.<\/td>\n<\/tr>\n<tr>\n<td><\/td>\n<td>(3)<\/td>\n<td>Die Art der Abstimmung wird vom Versammlungsleiter vorgeschlagen. Die Abstimmung muss auf Antrag schriftlich und geheim durchgef\u00fchrt werden.<\/td>\n<\/tr>\n<tr>\n<td><\/td>\n<td>(4)<\/td>\n<td>Im Protokoll der Versammlung werden Zeit und Ort und das Abstimmungsergebnis festgehalten.<\/td>\n<\/tr>\n<tr>\n<td><\/td>\n<td>(5)<\/td>\n<td>Die Aufl\u00f6sung des Vereins kann nur in einer zu diesem Zweck einberufenen Mitgliederversammlung beschlossen werden.<\/td>\n<\/tr>\n<tr>\n<td><\/td>\n<td>(6)<\/td>\n<td>Falls die Mitgliederversammlung nichts anderes beschlie\u00dft, sind der Vorsitzende und der stellvertretende Vorsitzende gemeinsam vertretungsberechtigte Liquidatoren.<\/td>\n<\/tr>\n<tr>\n<td><\/td>\n<td>(7)<\/td>\n<td>Die Vorschriften der Satzung gelten entsprechend f\u00fcr den Fall, dass der Verein aus einem anderen Grund aufgel\u00f6st wird oder seine Rechtsf\u00e4higkeit verliert.<\/td>\n<\/tr>\n<tr>\n<td><\/td>\n<td>(8)<\/td>\n<td>Bei Aufl\u00f6sung des Vereins oder bei Wegfall steuerbeg\u00fcnstigter Zwecke f\u00e4llt das Vereinsverm\u00f6gen an die Pfarrei St. Cyriakus in Bottrop-Stadtmitte und ist zweckbestimmt f\u00fcr die Vereinszwecke im Sinne des \u00a72 der Satzung zu verwenden.<\/td>\n<\/tr>\n<\/tbody>\n<\/table>\n<p>&nbsp;<\/p>\n<p>Soweit in dieser Satzung Funktionsbezeichnungen verwendet werden, finden sie sowohl auf das weibliche<\/p>\n<p>als auch auf das m\u00e4nnliche Geschlecht Anwendung.<\/p>\n<p>&nbsp;<\/p>\n<p>Bottrop, 15. November 2007<\/p>\n<p>Die Gr\u00fcndungsmitglieder:<\/p>\n<table>\n<tbody>\n<tr>\n<td>\u00a0(D. Baier)<\/p>\n<p>&nbsp;<\/td>\n<td><\/td>\n<td>(U. Bartsch)<\/td>\n<td><\/td>\n<td>(J. Bombeck)<\/td>\n<\/tr>\n<tr>\n<td>(R. Drache)<\/p>\n<p>&nbsp;<\/td>\n<td><\/td>\n<td>(J.-M. D\u00fcngelhoff)<\/td>\n<td><\/td>\n<td>(S.Funke)<\/td>\n<\/tr>\n<tr>\n<td><\/td>\n<td>(G. Hoffjan)<\/p>\n<p>&nbsp;<\/td>\n<td><\/td>\n<td>(F. Klimek)<\/td>\n<td><\/td>\n<\/tr>\n<tr>\n<td><\/td>\n<td>(E. Lang)<\/p>\n<p>&nbsp;<\/td>\n<td><\/td>\n<td>(R. Riese)<\/td>\n<td><\/td>\n<\/tr>\n<\/tbody>\n<\/table>\n","protected":false},"excerpt":{"rendered":"<p>Die Satzung des Vereins &#8222;Barbaraheim Bottrop-Lehmkuhle e.V.&#8220; \u00a71 Name, Sitz und Gesch\u00e4ftsjahr (1) Der Verein f\u00fchrt den Namen &#8222;Barbaraheim Bottrop-Lehmkuhle\u201c<\/p>\n","protected":false},"author":1,"featured_media":0,"parent":0,"menu_order":3,"comment_status":"closed","ping_status":"closed","template":"","meta":{"colormag_page_container_layout":"no_sidebar_content_centered","colormag_page_sidebar_layout":"no_sidebar","footnotes":""},"class_list":["post-103","page","type-page","status-publish","hentry"],"_links":{"self":[{"href":"https:\/\/barbaraheim-bottrop.de\/index.php?rest_route=\/wp\/v2\/pages\/103","targetHints":{"allow":["GET"]}}],"collection":[{"href":"https:\/\/barbaraheim-bottrop.de\/index.php?rest_route=\/wp\/v2\/pages"}],"about":[{"href":"https:\/\/barbaraheim-bottrop.de\/index.php?rest_route=\/wp\/v2\/types\/page"}],"author":[{"embeddable":true,"href":"https:\/\/barbaraheim-bottrop.de\/index.php?rest_route=\/wp\/v2\/users\/1"}],"replies":[{"embeddable":true,"href":"https:\/\/barbaraheim-bottrop.de\/index.php?rest_route=%2Fwp%2Fv2%2Fcomments&post=103"}],"version-history":[{"count":6,"href":"https:\/\/barbaraheim-bottrop.de\/index.php?rest_route=\/wp\/v2\/pages\/103\/revisions"}],"predecessor-version":[{"id":882,"href":"https:\/\/barbaraheim-bottrop.de\/index.php?rest_route=\/wp\/v2\/pages\/103\/revisions\/882"}],"wp:attachment":[{"href":"https:\/\/barbaraheim-bottrop.de\/index.php?rest_route=%2Fwp%2Fv2%2Fmedia&parent=103"}],"curies":[{"name":"wp","href":"https:\/\/api.w.org\/{rel}","templated":true}]}}