{"id":1029,"date":"2017-04-30T15:22:50","date_gmt":"2017-04-30T13:22:50","guid":{"rendered":"https:\/\/reinhard.grobosch.net\/wordpress\/?page_id=1029"},"modified":"2017-12-30T13:54:52","modified_gmt":"2017-12-30T12:54:52","slug":"naehkurs","status":"publish","type":"page","link":"https:\/\/barbaraheim-bottrop.de\/?page_id=1029","title":{"rendered":"N\u00e4hkurs"},"content":{"rendered":"<p><span style=\"font-size: 20pt;\"><strong>\u00a0\u00a0\u00a0\u00a0\u00a0\u00a0\u00a0\u00a0\u00a0\u00a0\u00a0\u00a0\u00a0\u00a0 <span style=\"color: #000000;\">N\u00e4hkurs im Barbaraheim<\/span><\/strong><\/span><\/p>\n<div id=\"envira-gallery-wrap-1639\" class=\"envira-gallery-wrap envira-gallery-theme-base envira-lightbox-theme-base\" itemscope itemtype=\"https:\/\/schema.org\/ImageGallery\"><div data-row-height=\"\" data-gallery-theme=\"\" id=\"envira-gallery-1639\" class=\"envira-gallery-public  envira-gallery-3-columns envira-clear enviratope envira-gallery-css-animations\" data-envira-columns=\"3\"><div id=\"envira-gallery-item-1035\" class=\"envira-gallery-item enviratope-item envira-gallery-item-1 envira-lazy-load\" style=\"padding-left: 5px; padding-bottom: 10px; padding-right: 5px;\"  itemscope itemtype=\"https:\/\/schema.org\/ImageObject\"><div class=\"envira-gallery-item-inner\"><div class=\"envira-gallery-position-overlay  envira-gallery-top-left\"><\/div><div class=\"envira-gallery-position-overlay  envira-gallery-top-right\"><\/div><div class=\"envira-gallery-position-overlay  envira-gallery-bottom-left\"><\/div><div class=\"envira-gallery-position-overlay  envira-gallery-bottom-right\"><\/div><a href=\"https:\/\/barbaraheim-bottrop.de\/wp-content\/uploads\/2017\/04\/N\u00e4hgruppe2.jpg\" class=\"envira-gallery-1639 envira-gallery-link\" rel=\"enviragallery1639\" title=\"N&auml;hgruppe2\" data-envira-caption=\"N&auml;hgruppe2\" data-envira-retina=\"\" data-thumbnail=\"\"  itemprop=\"contentUrl\"><div class=\"envira-lazy\" data-test-width=\"640\" data-test-height=\"480\" style=\"padding-bottom:75%;\"><img decoding=\"async\" id=\"envira-gallery-image-1035\" class=\"envira-gallery-image envira-gallery-image-1\" data-envira-index=\"1\" src=\"https:\/\/barbaraheim-bottrop.de\/wp-content\/uploads\/2017\/04\/N\u00e4hgruppe2-1024x576-640x480.jpg\" data-envira-src=\"https:\/\/barbaraheim-bottrop.de\/wp-content\/uploads\/2017\/04\/N\u00e4hgruppe2-1024x576-640x480.jpg\" data-envira-gallery-id=\"1639\" data-envira-item-id=\"1035\" data-envira-caption=\"N&auml;hgruppe2\" alt=\"\" title=\"N&amp;auml;hgruppe2\"  itemprop=\"thumbnailUrl\" data-envira-srcset=\"https:\/\/barbaraheim-bottrop.de\/wp-content\/uploads\/2017\/04\/N\u00e4hgruppe2-1024x576-640x480.jpg 400w,https:\/\/barbaraheim-bottrop.de\/wp-content\/uploads\/2017\/04\/N\u00e4hgruppe2-1024x576-640x480.jpg 2x\" srcset=\"data:image\/gif;base64,R0lGODlhAQABAIAAAP\/\/\/\/\/\/\/yH5BAEKAAEALAAAAAABAAEAAAICTAEAOw==\" \/><\/div><\/a><\/div><\/div><div id=\"envira-gallery-item-1034\" class=\"envira-gallery-item enviratope-item envira-gallery-item-2 envira-lazy-load\" style=\"padding-left: 5px; padding-bottom: 10px; padding-right: 5px;\"  itemscope itemtype=\"https:\/\/schema.org\/ImageObject\"><div class=\"envira-gallery-item-inner\"><div class=\"envira-gallery-position-overlay  envira-gallery-top-left\"><\/div><div class=\"envira-gallery-position-overlay  envira-gallery-top-right\"><\/div><div class=\"envira-gallery-position-overlay  envira-gallery-bottom-left\"><\/div><div class=\"envira-gallery-position-overlay  envira-gallery-bottom-right\"><\/div><a href=\"https:\/\/barbaraheim-bottrop.de\/wp-content\/uploads\/2017\/04\/N\u00e4hgruppe1.jpg\" class=\"envira-gallery-1639 envira-gallery-link\" rel=\"enviragallery1639\" title=\"N&auml;hgruppe1\" data-envira-caption=\"N&auml;hgruppe1\" data-envira-retina=\"\" data-thumbnail=\"\"  itemprop=\"contentUrl\"><div class=\"envira-lazy\" data-test-width=\"640\" data-test-height=\"480\" style=\"padding-bottom:75%;\"><img decoding=\"async\" id=\"envira-gallery-image-1034\" class=\"envira-gallery-image envira-gallery-image-2\" data-envira-index=\"2\" src=\"https:\/\/barbaraheim-bottrop.de\/wp-content\/uploads\/2017\/04\/N\u00e4hgruppe1-1024x576-640x480.jpg\" data-envira-src=\"https:\/\/barbaraheim-bottrop.de\/wp-content\/uploads\/2017\/04\/N\u00e4hgruppe1-1024x576-640x480.jpg\" data-envira-gallery-id=\"1639\" data-envira-item-id=\"1034\" data-envira-caption=\"N&auml;hgruppe1\" alt=\"\" title=\"N&amp;auml;hgruppe1\"  itemprop=\"thumbnailUrl\" data-envira-srcset=\"https:\/\/barbaraheim-bottrop.de\/wp-content\/uploads\/2017\/04\/N\u00e4hgruppe1-1024x576-640x480.jpg 400w,https:\/\/barbaraheim-bottrop.de\/wp-content\/uploads\/2017\/04\/N\u00e4hgruppe1-1024x576-640x480.jpg 2x\" srcset=\"data:image\/gif;base64,R0lGODlhAQABAIAAAP\/\/\/\/\/\/\/yH5BAEKAAEALAAAAAABAAEAAAICTAEAOw==\" \/><\/div><\/a><\/div><\/div><div id=\"envira-gallery-item-1033\" class=\"envira-gallery-item enviratope-item envira-gallery-item-3 envira-lazy-load\" style=\"padding-left: 5px; padding-bottom: 10px; padding-right: 5px;\"  itemscope itemtype=\"https:\/\/schema.org\/ImageObject\"><div class=\"envira-gallery-item-inner\"><div class=\"envira-gallery-position-overlay  envira-gallery-top-left\"><\/div><div class=\"envira-gallery-position-overlay  envira-gallery-top-right\"><\/div><div class=\"envira-gallery-position-overlay  envira-gallery-bottom-left\"><\/div><div class=\"envira-gallery-position-overlay  envira-gallery-bottom-right\"><\/div><a href=\"https:\/\/barbaraheim-bottrop.de\/wp-content\/uploads\/2017\/04\/N\u00e4hgruppe3.jpg\" class=\"envira-gallery-1639 envira-gallery-link\" rel=\"enviragallery1639\" title=\"N&auml;hgruppe3\" data-envira-caption=\"N&auml;hgruppe3\" data-envira-retina=\"\" data-thumbnail=\"\"  itemprop=\"contentUrl\"><div class=\"envira-lazy\" data-test-width=\"640\" data-test-height=\"480\" style=\"padding-bottom:75%;\"><img decoding=\"async\" id=\"envira-gallery-image-1033\" class=\"envira-gallery-image envira-gallery-image-3\" data-envira-index=\"3\" src=\"https:\/\/barbaraheim-bottrop.de\/wp-content\/uploads\/2017\/04\/N\u00e4hgruppe3-1024x576-640x480.jpg\" data-envira-src=\"https:\/\/barbaraheim-bottrop.de\/wp-content\/uploads\/2017\/04\/N\u00e4hgruppe3-1024x576-640x480.jpg\" data-envira-gallery-id=\"1639\" data-envira-item-id=\"1033\" data-envira-caption=\"N&auml;hgruppe3\" alt=\"\" title=\"N&amp;auml;hgruppe3\"  itemprop=\"thumbnailUrl\" data-envira-srcset=\"https:\/\/barbaraheim-bottrop.de\/wp-content\/uploads\/2017\/04\/N\u00e4hgruppe3-1024x576-640x480.jpg 400w,https:\/\/barbaraheim-bottrop.de\/wp-content\/uploads\/2017\/04\/N\u00e4hgruppe3-1024x576-640x480.jpg 2x\" srcset=\"data:image\/gif;base64,R0lGODlhAQABAIAAAP\/\/\/\/\/\/\/yH5BAEKAAEALAAAAAABAAEAAAICTAEAOw==\" \/><\/div><\/a><\/div><\/div><\/div><\/div><noscript><img decoding=\"async\" src=\"https:\/\/barbaraheim-bottrop.de\/wp-content\/uploads\/2017\/04\/N\u00e4hgruppe2.jpg\" alt=\"\" \/><img decoding=\"async\" src=\"https:\/\/barbaraheim-bottrop.de\/wp-content\/uploads\/2017\/04\/N\u00e4hgruppe1.jpg\" alt=\"\" \/><img decoding=\"async\" src=\"https:\/\/barbaraheim-bottrop.de\/wp-content\/uploads\/2017\/04\/N\u00e4hgruppe3.jpg\" alt=\"\" \/><\/noscript>\n<p><span style=\"color: #000000;\">Der N\u00e4hkurs besteht seit vielen Jahren. Wir treffen uns immer Donnerstags von 15 bis 18 Uhr im Sitzungszimmer des Barbaraheims und werden von unserer Schneiderin, Frau Hildegard Liebert, betreut. <\/span><br \/>\n<span style=\"color: #000000;\">Sie unterst\u00fctzt uns beim Zuschneiden, ber\u00e4t bei der Wahl der Materialien und steht uns zur Seite, wenn etwas kompliziertere Arbeitsschritte anstehen. <\/span><br \/>\n<span style=\"color: #000000;\">Schwerpunktm\u00e4\u00dfig entsteht Garderobe f\u00fcr den eigenen Bedarf, entweder neu oder durch das Umarbeiten von Garderobe. Wichtig ist uns die gegenseitige Beratung, hier ist es oft schon zu guten und neuen L\u00f6sungen gekommen.\u00a0 Es entstehen aber auch andere N\u00e4hprodukte: Taschen, Heimtextilien, Kuscheltiere. <\/span><br \/>\n<span style=\"color: #000000;\">Das gemeinsame Kaffeetrinken ist fester Bestandteil in unserem Kurs, reihum bringen die Teilnehmerinnen einen Kuchen f\u00fcr unsere Runde mit. Es gibt immer viel zu erz\u00e4hlen.<\/span><br \/>\n<span style=\"color: #000000;\">\u00dcber das Jahr verteilt gibt es weitere gemeinsame Aktivit\u00e4ten: traditionell dazu geh\u00f6rt das gemeinsame Fr\u00fchst\u00fcck in der Zeit nach Weihnachten, wo wir schon die unterschiedlichen Lokalit\u00e4ten ausprobiert haben. Im Sommer findet der Jahresausflug statt, hier achten wir nat\u00fcrlich darauf, dass Stoffgesch\u00e4fte auf unserer Route liegen, so dass wir f\u00fcr den Beginn des Kurses im Herbst ger\u00fcstet sind.<\/span><br \/>\n<span style=\"color: #000000;\">Wir w\u00fcnschen uns sehr, dass das Barbaraheim noch lange erhalten werden kann. <\/span><\/p>\n<p><span style=\"color: #000000;\">Weitere Informationen erhalten Sie direkt von Frau H\u00e4ken unter der <\/span><\/p>\n<p><span style=\"color: #000000;\">Telefonnummer: <strong><span style=\"font-family: Verdana;\">22116<\/span><\/strong><\/span><\/p>\n<p><span style=\"color: #000000;\">oder per Email unter: <strong>anfrage_1@barbaraheim -bottrop.de<\/strong><\/span><\/p>\n<p>&nbsp;<\/p>\n<p><span style=\"color: #000000;\">Trauen Sie sich ruhig mal den Kontakt aufzunehmen. Es macht viel Spa\u00df und lohnt sich bestimmt.<\/span><\/p>\n<p>&nbsp;<\/p>\n","protected":false},"excerpt":{"rendered":"<p>\u00a0\u00a0\u00a0\u00a0\u00a0\u00a0\u00a0\u00a0\u00a0\u00a0\u00a0\u00a0\u00a0\u00a0 N\u00e4hkurs im Barbaraheim Der N\u00e4hkurs besteht seit vielen Jahren. Wir treffen uns immer Donnerstags von 15 bis 18 Uhr<\/p>\n","protected":false},"author":1,"featured_media":0,"parent":111,"menu_order":2,"comment_status":"closed","ping_status":"closed","template":"","meta":{"colormag_page_container_layout":"default_layout","colormag_page_sidebar_layout":"default_layout","footnotes":""},"class_list":["post-1029","page","type-page","status-publish","hentry"],"_links":{"self":[{"href":"https:\/\/barbaraheim-bottrop.de\/index.php?rest_route=\/wp\/v2\/pages\/1029","targetHints":{"allow":["GET"]}}],"collection":[{"href":"https:\/\/barbaraheim-bottrop.de\/index.php?rest_route=\/wp\/v2\/pages"}],"about":[{"href":"https:\/\/barbaraheim-bottrop.de\/index.php?rest_route=\/wp\/v2\/types\/page"}],"author":[{"embeddable":true,"href":"https:\/\/barbaraheim-bottrop.de\/index.php?rest_route=\/wp\/v2\/users\/1"}],"replies":[{"embeddable":true,"href":"https:\/\/barbaraheim-bottrop.de\/index.php?rest_route=%2Fwp%2Fv2%2Fcomments&post=1029"}],"version-history":[{"count":19,"href":"https:\/\/barbaraheim-bottrop.de\/index.php?rest_route=\/wp\/v2\/pages\/1029\/revisions"}],"predecessor-version":[{"id":1642,"href":"https:\/\/barbaraheim-bottrop.de\/index.php?rest_route=\/wp\/v2\/pages\/1029\/revisions\/1642"}],"up":[{"embeddable":true,"href":"https:\/\/barbaraheim-bottrop.de\/index.php?rest_route=\/wp\/v2\/pages\/111"}],"wp:attachment":[{"href":"https:\/\/barbaraheim-bottrop.de\/index.php?rest_route=%2Fwp%2Fv2%2Fmedia&parent=1029"}],"curies":[{"name":"wp","href":"https:\/\/api.w.org\/{rel}","templated":true}]}}